{"id":3668,"date":"2023-09-08T12:01:38","date_gmt":"2023-09-08T10:01:38","guid":{"rendered":"https:\/\/gmg.sklep.pl\/?post_type=product&#038;p=3668"},"modified":"2026-01-09T17:35:09","modified_gmt":"2026-01-09T16:35:09","slug":"fotel-biurowy-3","status":"publish","type":"product","link":"https:\/\/gmg.sklep.pl\/?product=fotel-biurowy-3","title":{"rendered":"U-ASOS"},"content":{"rendered":"<div id=\"more\" class=\"p-product__text\">\n<p><strong>Fotel biurowy U-Asos<\/strong> to idealne rozwi\u0105zanie dla os\u00f3b pracuj\u0105cych, czy te\u017c ucz\u0105cych si\u0119 przy biurku. Regulacja <strong>oparcia dla kr\u0119g\u00f3w l\u0119d\u017awiowych<\/strong> sprawia, \u017ce jest to fotel ergonomiczny i bardzo komfortowy!!! Dodatkowym autem jest zamontowany na oparciu wieszak, kt\u00f3ry przyda si\u0119 nie tylko na marynark\u0119, czy kurtk\u0119 ale tak\u017ce na sweter czy inne okrycie.<\/p>\n<div id=\"more\" class=\"p-product__text\">\n<div id=\"more\" class=\"p-product__text\">\n<div id=\"more\" class=\"p-product__text\">\n<p>&#8211; Regulacja wysoko\u015bci zag\u0142\u00f3wka<br \/>\n&#8211; Regulacja k\u0105ta nachylenia zag\u0142\u00f3wka<br \/>\n&#8211; Regulacja wysoko\u015bci oparcia dla kr\u0119g\u00f3w l\u0119d\u017awiowych<br \/>\n&#8211; Regulacja pod\u0142okietnik\u00f3w (g\u00f3ra-d\u00f3\u0142)<br \/>\n&#8211; Regulacja wysoko\u015bci siedziska<br \/>\n&#8211; Mechanizm SYNCHRON<br \/>\n&#8211; <strong>Oparcie wyposa\u017cone w wieszak<\/strong><br \/>\n&#8211; Zag\u0142\u00f3wek i oparcie tapicerowane siatk\u0105<br \/>\n&#8211; Siedzisko tapicerowane tkanin\u0105<br \/>\n&#8211; Podstawa wykonana z mocnego tworzywa (nylon)<br \/>\n&#8211; 2 lata gwarancji<br \/>\n&#8211; Maksymalne obci\u0105\u017cenie 130 kg<\/p>\n<\/div>\n<\/div>\n<\/div>\n<p>Fotel do samodzielnego, \u0142atwego monta\u017cu!<\/p>\n<p>Wysy\u0142ka w 2-3 dni robocze.<\/p>\n<\/div>\n","protected":false},"excerpt":{"rendered":"<p>Fotel biurowy z wieszakiem<\/p>\n","protected":false},"featured_media":3669,"comment_status":"open","ping_status":"closed","template":"","meta":{"site-sidebar-layout":"default","site-content-layout":"default","ast-global-header-display":"","ast-main-header-display":"","ast-hfb-above-header-display":"","ast-hfb-below-header-display":"","ast-hfb-mobile-header-display":"","site-post-title":"","ast-breadcrumbs-content":"","ast-featured-img":"","footer-sml-layout":"","theme-transparent-header-meta":"default","adv-header-id-meta":"","stick-header-meta":"","header-above-stick-meta":"","header-main-stick-meta":"","header-below-stick-meta":""},"product_brand":[],"product_cat":[40],"product_tag":[64],"class_list":{"0":"post-3668","1":"product","2":"type-product","3":"status-publish","4":"has-post-thumbnail","6":"product_cat-fotele","7":"product_tag-fotel-biurowy","9":"first","10":"instock","11":"shipping-taxable","12":"purchasable","13":"product-type-simple"},"yoast_head":"<!-- This site is optimized with the Yoast SEO plugin v25.9 - https:\/\/yoast.com\/wordpress\/plugins\/seo\/ -->\n<title>U-ASOS<\/title>\n<meta name=\"description\" content=\"Ergonomiczny fotel biurowy z wieszakiem U-ASOS\" \/>\n<meta name=\"robots\" content=\"index, follow, max-snippet:-1, max-image-preview:large, max-video-preview:-1\" \/>\n<link rel=\"canonical\" href=\"https:\/\/gmg.sklep.pl\/?product=fotel-biurowy-3\" \/>\n<meta property=\"og:locale\" content=\"pl_PL\" \/>\n<meta property=\"og:type\" content=\"article\" \/>\n<meta property=\"og:title\" content=\"U-ASOS\" \/>\n<meta property=\"og:description\" content=\"Ergonomiczny fotel biurowy z wieszakiem U-ASOS\" \/>\n<meta property=\"og:url\" content=\"https:\/\/gmg.sklep.pl\/?product=fotel-biurowy-3\" \/>\n<meta property=\"article:modified_time\" content=\"2026-01-09T16:35:09+00:00\" \/>\n<meta property=\"og:image\" content=\"https:\/\/gmg.sklep.pl\/wp-content\/uploads\/2023\/09\/u-asos-p.png\" \/>\n\t<meta property=\"og:image:width\" content=\"1200\" \/>\n\t<meta property=\"og:image:height\" content=\"1200\" \/>\n\t<meta property=\"og:image:type\" content=\"image\/png\" \/>\n<meta name=\"twitter:card\" content=\"summary_large_image\" \/>\n<meta name=\"twitter:label1\" content=\"Szacowany czas czytania\" \/>\n\t<meta name=\"twitter:data1\" content=\"1 minuta\" \/>\n<script type=\"application\/ld+json\" class=\"yoast-schema-graph\">{\"@context\":\"https:\/\/schema.org\",\"@graph\":[{\"@type\":\"WebPage\",\"@id\":\"https:\/\/gmg.sklep.pl\/?product=fotel-biurowy-3\",\"url\":\"https:\/\/gmg.sklep.pl\/?product=fotel-biurowy-3\",\"name\":\"U-ASOS\",\"isPartOf\":{\"@id\":\"https:\/\/gmg.sklep.pl\/#website\"},\"primaryImageOfPage\":{\"@id\":\"https:\/\/gmg.sklep.pl\/?product=fotel-biurowy-3#primaryimage\"},\"image\":{\"@id\":\"https:\/\/gmg.sklep.pl\/?product=fotel-biurowy-3#primaryimage\"},\"thumbnailUrl\":\"https:\/\/gmg.sklep.pl\/wp-content\/uploads\/2023\/09\/u-asos-p.png\",\"datePublished\":\"2023-09-08T10:01:38+00:00\",\"dateModified\":\"2026-01-09T16:35:09+00:00\",\"description\":\"Ergonomiczny fotel biurowy z wieszakiem U-ASOS\",\"breadcrumb\":{\"@id\":\"https:\/\/gmg.sklep.pl\/?product=fotel-biurowy-3#breadcrumb\"},\"inLanguage\":\"pl-PL\",\"potentialAction\":[{\"@type\":\"ReadAction\",\"target\":[\"https:\/\/gmg.sklep.pl\/?product=fotel-biurowy-3\"]}]},{\"@type\":\"ImageObject\",\"inLanguage\":\"pl-PL\",\"@id\":\"https:\/\/gmg.sklep.pl\/?product=fotel-biurowy-3#primaryimage\",\"url\":\"https:\/\/gmg.sklep.pl\/wp-content\/uploads\/2023\/09\/u-asos-p.png\",\"contentUrl\":\"https:\/\/gmg.sklep.pl\/wp-content\/uploads\/2023\/09\/u-asos-p.png\",\"width\":1200,\"height\":1200,\"caption\":\"Fotel biurowy\"},{\"@type\":\"BreadcrumbList\",\"@id\":\"https:\/\/gmg.sklep.pl\/?product=fotel-biurowy-3#breadcrumb\",\"itemListElement\":[{\"@type\":\"ListItem\",\"position\":1,\"name\":\"Strona g\u0142\u00f3wna\",\"item\":\"https:\/\/gmg.sklep.pl\/\"},{\"@type\":\"ListItem\",\"position\":2,\"name\":\"Sklep\",\"item\":\"https:\/\/gmg.sklep.pl\/?page_id=38\"},{\"@type\":\"ListItem\",\"position\":3,\"name\":\"U-ASOS\"}]},{\"@type\":\"WebSite\",\"@id\":\"https:\/\/gmg.sklep.pl\/#website\",\"url\":\"https:\/\/gmg.sklep.pl\/\",\"name\":\"\",\"description\":\"Fotele, krzes\u0142a i inne\",\"potentialAction\":[{\"@type\":\"SearchAction\",\"target\":{\"@type\":\"EntryPoint\",\"urlTemplate\":\"https:\/\/gmg.sklep.pl\/?s={search_term_string}\"},\"query-input\":{\"@type\":\"PropertyValueSpecification\",\"valueRequired\":true,\"valueName\":\"search_term_string\"}}],\"inLanguage\":\"pl-PL\"}]}<\/script>\n<!-- \/ Yoast SEO plugin. -->","yoast_head_json":{"title":"U-ASOS","description":"Ergonomiczny fotel biurowy z wieszakiem U-ASOS","robots":{"index":"index","follow":"follow","max-snippet":"max-snippet:-1","max-image-preview":"max-image-preview:large","max-video-preview":"max-video-preview:-1"},"canonical":"https:\/\/gmg.sklep.pl\/?product=fotel-biurowy-3","og_locale":"pl_PL","og_type":"article","og_title":"U-ASOS","og_description":"Ergonomiczny fotel biurowy z wieszakiem U-ASOS","og_url":"https:\/\/gmg.sklep.pl\/?product=fotel-biurowy-3","article_modified_time":"2026-01-09T16:35:09+00:00","og_image":[{"width":1200,"height":1200,"url":"https:\/\/gmg.sklep.pl\/wp-content\/uploads\/2023\/09\/u-asos-p.png","type":"image\/png"}],"twitter_card":"summary_large_image","twitter_misc":{"Szacowany czas czytania":"1 minuta"},"schema":{"@context":"https:\/\/schema.org","@graph":[{"@type":"WebPage","@id":"https:\/\/gmg.sklep.pl\/?product=fotel-biurowy-3","url":"https:\/\/gmg.sklep.pl\/?product=fotel-biurowy-3","name":"U-ASOS","isPartOf":{"@id":"https:\/\/gmg.sklep.pl\/#website"},"primaryImageOfPage":{"@id":"https:\/\/gmg.sklep.pl\/?product=fotel-biurowy-3#primaryimage"},"image":{"@id":"https:\/\/gmg.sklep.pl\/?product=fotel-biurowy-3#primaryimage"},"thumbnailUrl":"https:\/\/gmg.sklep.pl\/wp-content\/uploads\/2023\/09\/u-asos-p.png","datePublished":"2023-09-08T10:01:38+00:00","dateModified":"2026-01-09T16:35:09+00:00","description":"Ergonomiczny fotel biurowy z wieszakiem U-ASOS","breadcrumb":{"@id":"https:\/\/gmg.sklep.pl\/?product=fotel-biurowy-3#breadcrumb"},"inLanguage":"pl-PL","potentialAction":[{"@type":"ReadAction","target":["https:\/\/gmg.sklep.pl\/?product=fotel-biurowy-3"]}]},{"@type":"ImageObject","inLanguage":"pl-PL","@id":"https:\/\/gmg.sklep.pl\/?product=fotel-biurowy-3#primaryimage","url":"https:\/\/gmg.sklep.pl\/wp-content\/uploads\/2023\/09\/u-asos-p.png","contentUrl":"https:\/\/gmg.sklep.pl\/wp-content\/uploads\/2023\/09\/u-asos-p.png","width":1200,"height":1200,"caption":"Fotel biurowy"},{"@type":"BreadcrumbList","@id":"https:\/\/gmg.sklep.pl\/?product=fotel-biurowy-3#breadcrumb","itemListElement":[{"@type":"ListItem","position":1,"name":"Strona g\u0142\u00f3wna","item":"https:\/\/gmg.sklep.pl\/"},{"@type":"ListItem","position":2,"name":"Sklep","item":"https:\/\/gmg.sklep.pl\/?page_id=38"},{"@type":"ListItem","position":3,"name":"U-ASOS"}]},{"@type":"WebSite","@id":"https:\/\/gmg.sklep.pl\/#website","url":"https:\/\/gmg.sklep.pl\/","name":"","description":"Fotele, krzes\u0142a i inne","potentialAction":[{"@type":"SearchAction","target":{"@type":"EntryPoint","urlTemplate":"https:\/\/gmg.sklep.pl\/?s={search_term_string}"},"query-input":{"@type":"PropertyValueSpecification","valueRequired":true,"valueName":"search_term_string"}}],"inLanguage":"pl-PL"}]}},"_links":{"self":[{"href":"https:\/\/gmg.sklep.pl\/index.php?rest_route=\/wp\/v2\/product\/3668","targetHints":{"allow":["GET"]}}],"collection":[{"href":"https:\/\/gmg.sklep.pl\/index.php?rest_route=\/wp\/v2\/product"}],"about":[{"href":"https:\/\/gmg.sklep.pl\/index.php?rest_route=\/wp\/v2\/types\/product"}],"replies":[{"embeddable":true,"href":"https:\/\/gmg.sklep.pl\/index.php?rest_route=%2Fwp%2Fv2%2Fcomments&post=3668"}],"version-history":[{"count":1,"href":"https:\/\/gmg.sklep.pl\/index.php?rest_route=\/wp\/v2\/product\/3668\/revisions"}],"predecessor-version":[{"id":3672,"href":"https:\/\/gmg.sklep.pl\/index.php?rest_route=\/wp\/v2\/product\/3668\/revisions\/3672"}],"wp:featuredmedia":[{"embeddable":true,"href":"https:\/\/gmg.sklep.pl\/index.php?rest_route=\/wp\/v2\/media\/3669"}],"wp:attachment":[{"href":"https:\/\/gmg.sklep.pl\/index.php?rest_route=%2Fwp%2Fv2%2Fmedia&parent=3668"}],"wp:term":[{"taxonomy":"product_brand","embeddable":true,"href":"https:\/\/gmg.sklep.pl\/index.php?rest_route=%2Fwp%2Fv2%2Fproduct_brand&post=3668"},{"taxonomy":"product_cat","embeddable":true,"href":"https:\/\/gmg.sklep.pl\/index.php?rest_route=%2Fwp%2Fv2%2Fproduct_cat&post=3668"},{"taxonomy":"product_tag","embeddable":true,"href":"https:\/\/gmg.sklep.pl\/index.php?rest_route=%2Fwp%2Fv2%2Fproduct_tag&post=3668"}],"curies":[{"name":"wp","href":"https:\/\/api.w.org\/{rel}","templated":true}]}}