{"id":3634,"date":"2023-03-27T15:08:08","date_gmt":"2023-03-27T13:08:08","guid":{"rendered":"https:\/\/gmg.sklep.pl\/?post_type=product&#038;p=3634"},"modified":"2023-03-27T15:29:02","modified_gmt":"2023-03-27T13:29:02","slug":"krzeslo-specjalistyczne","status":"publish","type":"product","link":"https:\/\/gmg.sklep.pl\/?product=krzeslo-specjalistyczne","title":{"rendered":"U-Halcon"},"content":{"rendered":"<div id=\"more\" class=\"p-product__text\">\n<p><strong>Krzes\u0142o specjalistyczne U-Halcon <\/strong>idealnie sprawdzi si\u0119 jako krzes\u0142o przemys\u0142owe, warsztatowe, medyczne czy laboratoryjne. Materia\u0142y u\u017cyte do produkcji tego fotela medycznego, sprawiaj\u0105 \u017ce mo\u017cna na nim wygodnie siedzie\u0107, ale te\u017c \u0142atwo dba\u0107 o jego czysto\u015b\u0107, gdy\u017c s\u0105 odporne na zabrudzenia.\u00a0 Siedzisko tego sto\u0142ka typu worker wykonane jest z czarnego, bardzo odpornego na zniszczenie poliuretanu, a podstawa jezdna z mocnego tworzywa, jakim jest nylon.<\/p>\n<p>&#8211; <strong>Regulacja wysoko\u015bci siedziska<\/strong><br \/>\n&#8211; Siedzisko i oparcie wykonane z czarnego poliuretanu<br \/>\n&#8211; Podstawa jezdna wykonana z mocnego tworzywa (nylon)<br \/>\n&#8211; <strong>Podn\u00f3\u017cek z tworzywa (nylon) z regulacj\u0105 wysoko\u015bci<\/strong><br \/>\n&#8211; 2 lata gwarancji<br \/>\n&#8211; Maksymalne obci\u0105\u017cenie 130 kg<\/p>\n<p>Krzes\u0142o spe\u0142nia normy<br \/>\nPN-EN 1335:2:2019<br \/>\nPN-EN 1728:2012\/AC:2013<br \/>\nPN-EN 1022:2019<\/p>\n<p>Krzes\u0142o do samodzielnego \u0142atwego monta\u017cu.<\/p>\n<div id=\"more\" class=\"p-product__text\">\n<div id=\"more\" class=\"p-product__text\">\n<p>&nbsp;<\/p>\n<\/div>\n<\/div>\n<\/div>\n","protected":false},"excerpt":{"rendered":"<p>Krzes\u0142o specjalistyczne<\/p>\n","protected":false},"featured_media":3635,"comment_status":"open","ping_status":"closed","template":"","meta":{"site-sidebar-layout":"default","site-content-layout":"default","ast-global-header-display":"","ast-main-header-display":"","ast-hfb-above-header-display":"","ast-hfb-below-header-display":"","ast-hfb-mobile-header-display":"","site-post-title":"","ast-breadcrumbs-content":"","ast-featured-img":"","footer-sml-layout":"","theme-transparent-header-meta":"default","adv-header-id-meta":"","stick-header-meta":"","header-above-stick-meta":"","header-main-stick-meta":"","header-below-stick-meta":""},"product_brand":[],"product_cat":[91],"product_tag":[94,93],"class_list":{"0":"post-3634","1":"product","2":"type-product","3":"status-publish","4":"has-post-thumbnail","6":"product_cat-specjalistyczne","7":"product_tag-krzeslo-specjalistyczne","8":"product_tag-taboret-specjalistyczny","10":"first","11":"instock","12":"featured","13":"shipping-taxable","14":"purchasable","15":"product-type-simple"},"yoast_head":"<!-- This site is optimized with the Yoast SEO plugin v25.9 - https:\/\/yoast.com\/wordpress\/plugins\/seo\/ -->\n<title>krzes\u0142o specjalistyczne<\/title>\n<meta name=\"description\" content=\"krzes\u0142o specjalistyczne\" \/>\n<meta name=\"robots\" content=\"index, follow, max-snippet:-1, max-image-preview:large, max-video-preview:-1\" \/>\n<link rel=\"canonical\" href=\"https:\/\/gmg.sklep.pl\/?product=krzeslo-specjalistyczne\" \/>\n<meta property=\"og:locale\" content=\"pl_PL\" \/>\n<meta property=\"og:type\" content=\"article\" \/>\n<meta property=\"og:title\" content=\"krzes\u0142o specjalistyczne\" \/>\n<meta property=\"og:description\" content=\"krzes\u0142o specjalistyczne\" \/>\n<meta property=\"og:url\" content=\"https:\/\/gmg.sklep.pl\/?product=krzeslo-specjalistyczne\" \/>\n<meta property=\"article:modified_time\" content=\"2023-03-27T13:29:02+00:00\" \/>\n<meta property=\"og:image\" content=\"https:\/\/gmg.sklep.pl\/wp-content\/uploads\/2023\/03\/u-halcon-wysoki.png\" \/>\n\t<meta property=\"og:image:width\" content=\"1200\" \/>\n\t<meta property=\"og:image:height\" content=\"1200\" \/>\n\t<meta property=\"og:image:type\" content=\"image\/png\" \/>\n<meta name=\"twitter:card\" content=\"summary_large_image\" \/>\n<meta name=\"twitter:label1\" content=\"Szacowany czas czytania\" \/>\n\t<meta name=\"twitter:data1\" content=\"1 minuta\" \/>\n<script type=\"application\/ld+json\" class=\"yoast-schema-graph\">{\"@context\":\"https:\/\/schema.org\",\"@graph\":[{\"@type\":\"WebPage\",\"@id\":\"https:\/\/gmg.sklep.pl\/?product=krzeslo-specjalistyczne\",\"url\":\"https:\/\/gmg.sklep.pl\/?product=krzeslo-specjalistyczne\",\"name\":\"krzes\u0142o specjalistyczne\",\"isPartOf\":{\"@id\":\"https:\/\/gmg.sklep.pl\/#website\"},\"primaryImageOfPage\":{\"@id\":\"https:\/\/gmg.sklep.pl\/?product=krzeslo-specjalistyczne#primaryimage\"},\"image\":{\"@id\":\"https:\/\/gmg.sklep.pl\/?product=krzeslo-specjalistyczne#primaryimage\"},\"thumbnailUrl\":\"https:\/\/gmg.sklep.pl\/wp-content\/uploads\/2023\/03\/u-halcon-wysoki.png\",\"datePublished\":\"2023-03-27T13:08:08+00:00\",\"dateModified\":\"2023-03-27T13:29:02+00:00\",\"description\":\"krzes\u0142o specjalistyczne\",\"breadcrumb\":{\"@id\":\"https:\/\/gmg.sklep.pl\/?product=krzeslo-specjalistyczne#breadcrumb\"},\"inLanguage\":\"pl-PL\",\"potentialAction\":[{\"@type\":\"ReadAction\",\"target\":[\"https:\/\/gmg.sklep.pl\/?product=krzeslo-specjalistyczne\"]}]},{\"@type\":\"ImageObject\",\"inLanguage\":\"pl-PL\",\"@id\":\"https:\/\/gmg.sklep.pl\/?product=krzeslo-specjalistyczne#primaryimage\",\"url\":\"https:\/\/gmg.sklep.pl\/wp-content\/uploads\/2023\/03\/u-halcon-wysoki.png\",\"contentUrl\":\"https:\/\/gmg.sklep.pl\/wp-content\/uploads\/2023\/03\/u-halcon-wysoki.png\",\"width\":1200,\"height\":1200,\"caption\":\"krzes\u0142o specjalistyczne\"},{\"@type\":\"BreadcrumbList\",\"@id\":\"https:\/\/gmg.sklep.pl\/?product=krzeslo-specjalistyczne#breadcrumb\",\"itemListElement\":[{\"@type\":\"ListItem\",\"position\":1,\"name\":\"Strona g\u0142\u00f3wna\",\"item\":\"https:\/\/gmg.sklep.pl\/\"},{\"@type\":\"ListItem\",\"position\":2,\"name\":\"Sklep\",\"item\":\"https:\/\/gmg.sklep.pl\/?page_id=38\"},{\"@type\":\"ListItem\",\"position\":3,\"name\":\"U-Halcon\"}]},{\"@type\":\"WebSite\",\"@id\":\"https:\/\/gmg.sklep.pl\/#website\",\"url\":\"https:\/\/gmg.sklep.pl\/\",\"name\":\"\",\"description\":\"Fotele, krzes\u0142a i inne\",\"potentialAction\":[{\"@type\":\"SearchAction\",\"target\":{\"@type\":\"EntryPoint\",\"urlTemplate\":\"https:\/\/gmg.sklep.pl\/?s={search_term_string}\"},\"query-input\":{\"@type\":\"PropertyValueSpecification\",\"valueRequired\":true,\"valueName\":\"search_term_string\"}}],\"inLanguage\":\"pl-PL\"}]}<\/script>\n<!-- \/ Yoast SEO plugin. -->","yoast_head_json":{"title":"krzes\u0142o specjalistyczne","description":"krzes\u0142o specjalistyczne","robots":{"index":"index","follow":"follow","max-snippet":"max-snippet:-1","max-image-preview":"max-image-preview:large","max-video-preview":"max-video-preview:-1"},"canonical":"https:\/\/gmg.sklep.pl\/?product=krzeslo-specjalistyczne","og_locale":"pl_PL","og_type":"article","og_title":"krzes\u0142o specjalistyczne","og_description":"krzes\u0142o specjalistyczne","og_url":"https:\/\/gmg.sklep.pl\/?product=krzeslo-specjalistyczne","article_modified_time":"2023-03-27T13:29:02+00:00","og_image":[{"width":1200,"height":1200,"url":"https:\/\/gmg.sklep.pl\/wp-content\/uploads\/2023\/03\/u-halcon-wysoki.png","type":"image\/png"}],"twitter_card":"summary_large_image","twitter_misc":{"Szacowany czas czytania":"1 minuta"},"schema":{"@context":"https:\/\/schema.org","@graph":[{"@type":"WebPage","@id":"https:\/\/gmg.sklep.pl\/?product=krzeslo-specjalistyczne","url":"https:\/\/gmg.sklep.pl\/?product=krzeslo-specjalistyczne","name":"krzes\u0142o specjalistyczne","isPartOf":{"@id":"https:\/\/gmg.sklep.pl\/#website"},"primaryImageOfPage":{"@id":"https:\/\/gmg.sklep.pl\/?product=krzeslo-specjalistyczne#primaryimage"},"image":{"@id":"https:\/\/gmg.sklep.pl\/?product=krzeslo-specjalistyczne#primaryimage"},"thumbnailUrl":"https:\/\/gmg.sklep.pl\/wp-content\/uploads\/2023\/03\/u-halcon-wysoki.png","datePublished":"2023-03-27T13:08:08+00:00","dateModified":"2023-03-27T13:29:02+00:00","description":"krzes\u0142o specjalistyczne","breadcrumb":{"@id":"https:\/\/gmg.sklep.pl\/?product=krzeslo-specjalistyczne#breadcrumb"},"inLanguage":"pl-PL","potentialAction":[{"@type":"ReadAction","target":["https:\/\/gmg.sklep.pl\/?product=krzeslo-specjalistyczne"]}]},{"@type":"ImageObject","inLanguage":"pl-PL","@id":"https:\/\/gmg.sklep.pl\/?product=krzeslo-specjalistyczne#primaryimage","url":"https:\/\/gmg.sklep.pl\/wp-content\/uploads\/2023\/03\/u-halcon-wysoki.png","contentUrl":"https:\/\/gmg.sklep.pl\/wp-content\/uploads\/2023\/03\/u-halcon-wysoki.png","width":1200,"height":1200,"caption":"krzes\u0142o specjalistyczne"},{"@type":"BreadcrumbList","@id":"https:\/\/gmg.sklep.pl\/?product=krzeslo-specjalistyczne#breadcrumb","itemListElement":[{"@type":"ListItem","position":1,"name":"Strona g\u0142\u00f3wna","item":"https:\/\/gmg.sklep.pl\/"},{"@type":"ListItem","position":2,"name":"Sklep","item":"https:\/\/gmg.sklep.pl\/?page_id=38"},{"@type":"ListItem","position":3,"name":"U-Halcon"}]},{"@type":"WebSite","@id":"https:\/\/gmg.sklep.pl\/#website","url":"https:\/\/gmg.sklep.pl\/","name":"","description":"Fotele, krzes\u0142a i inne","potentialAction":[{"@type":"SearchAction","target":{"@type":"EntryPoint","urlTemplate":"https:\/\/gmg.sklep.pl\/?s={search_term_string}"},"query-input":{"@type":"PropertyValueSpecification","valueRequired":true,"valueName":"search_term_string"}}],"inLanguage":"pl-PL"}]}},"_links":{"self":[{"href":"https:\/\/gmg.sklep.pl\/index.php?rest_route=\/wp\/v2\/product\/3634","targetHints":{"allow":["GET"]}}],"collection":[{"href":"https:\/\/gmg.sklep.pl\/index.php?rest_route=\/wp\/v2\/product"}],"about":[{"href":"https:\/\/gmg.sklep.pl\/index.php?rest_route=\/wp\/v2\/types\/product"}],"replies":[{"embeddable":true,"href":"https:\/\/gmg.sklep.pl\/index.php?rest_route=%2Fwp%2Fv2%2Fcomments&post=3634"}],"version-history":[{"count":1,"href":"https:\/\/gmg.sklep.pl\/index.php?rest_route=\/wp\/v2\/product\/3634\/revisions"}],"predecessor-version":[{"id":3639,"href":"https:\/\/gmg.sklep.pl\/index.php?rest_route=\/wp\/v2\/product\/3634\/revisions\/3639"}],"wp:featuredmedia":[{"embeddable":true,"href":"https:\/\/gmg.sklep.pl\/index.php?rest_route=\/wp\/v2\/media\/3635"}],"wp:attachment":[{"href":"https:\/\/gmg.sklep.pl\/index.php?rest_route=%2Fwp%2Fv2%2Fmedia&parent=3634"}],"wp:term":[{"taxonomy":"product_brand","embeddable":true,"href":"https:\/\/gmg.sklep.pl\/index.php?rest_route=%2Fwp%2Fv2%2Fproduct_brand&post=3634"},{"taxonomy":"product_cat","embeddable":true,"href":"https:\/\/gmg.sklep.pl\/index.php?rest_route=%2Fwp%2Fv2%2Fproduct_cat&post=3634"},{"taxonomy":"product_tag","embeddable":true,"href":"https:\/\/gmg.sklep.pl\/index.php?rest_route=%2Fwp%2Fv2%2Fproduct_tag&post=3634"}],"curies":[{"name":"wp","href":"https:\/\/api.w.org\/{rel}","templated":true}]}}