{"id":3608,"date":"2022-12-13T14:44:19","date_gmt":"2022-12-13T13:44:19","guid":{"rendered":"https:\/\/gmg.sklep.pl\/?post_type=product&#038;p=3608"},"modified":"2022-12-13T15:41:00","modified_gmt":"2022-12-13T14:41:00","slug":"biurko-i-krzeslo-dzieciece-2","status":"publish","type":"product","link":"https:\/\/gmg.sklep.pl\/?product=biurko-i-krzeslo-dzieciece-2","title":{"rendered":"U-Sandy"},"content":{"rendered":"<p>Biurko i krzes\u0142o dzieci\u0119ce, r\u00f3\u017cowe lub niebieskie. Dedykowane dla dzieci w r\u00f3\u017cnym wieku od 4 do 11 lat. <strong>Komplet, kt\u00f3ry ro\u015bnie z dzieckiem \ud83d\ude42<\/strong><\/p>\n<div id=\"more\" class=\"p-product__text\">\n<p>&#8211; Regulowana wysoko\u015b\u0107 biurka i krzes\u0142a<br \/>\n&#8211; Blat o du\u017cej powierzchni pracy<br \/>\n&#8211; Blat mo\u017ce by\u0107 <strong>pochylany pod r\u00f3\u017cnym k\u0105tem<\/strong>, aby dopasowa\u0107 go do czytania, pisania lub rysowania<br \/>\n&#8211; <strong>Uchwyt na ksi\u0105\u017ck\u0119 lub tablet<\/strong><br \/>\n&#8211; S<strong>zuflada,<\/strong> w kt\u00f3rej mo\u017cemy umieszcza\u0107 przybory szkolne<br \/>\n&#8211; Nogi biurka i krzes\u0142a zapewniaj\u0105 wysok\u0105 stabilno\u015b\u0107 zestawu<br \/>\n&#8211; Biurko i krzes\u0142o posiada n\u00f3\u017cki do regulacji wysoko\u015bci<br \/>\n&#8211; 2 lata gwarancji<br \/>\n&#8211; Maksymalne obci\u0105\u017cenie 100 kg<\/p>\n<\/div>\n<p>Termin realizacji: 2-3 dni robocze.<\/p>\n<p>Samodzielny, \u0142atwy monta\u017c!<\/p>\n<p>W zam\u00f3wieniu prosimy dopisa\u0107 wybrany kolor \ud83d\ude42<\/p>\n","protected":false},"excerpt":{"rendered":"<p>Biurko i krzes\u0142o dzieci\u0119ce<\/p>\n","protected":false},"featured_media":3609,"comment_status":"open","ping_status":"closed","template":"","meta":{"site-sidebar-layout":"default","site-content-layout":"default","ast-global-header-display":"","ast-main-header-display":"","ast-hfb-above-header-display":"","ast-hfb-below-header-display":"","ast-hfb-mobile-header-display":"","site-post-title":"","ast-breadcrumbs-content":"","ast-featured-img":"","footer-sml-layout":"","theme-transparent-header-meta":"default","adv-header-id-meta":"","stick-header-meta":"","header-above-stick-meta":"","header-main-stick-meta":"","header-below-stick-meta":""},"product_brand":[],"product_cat":[85],"product_tag":[88,86],"class_list":{"0":"post-3608","1":"product","2":"type-product","3":"status-publish","4":"has-post-thumbnail","6":"product_cat-dzieciece","7":"product_tag-biurko-dzieciece","8":"product_tag-krzeslo-dzieciece","10":"first","11":"instock","12":"shipping-taxable","13":"purchasable","14":"product-type-simple"},"yoast_head":"<!-- This site is optimized with the Yoast SEO plugin v25.9 - https:\/\/yoast.com\/wordpress\/plugins\/seo\/ -->\n<title>U-Sandy -<\/title>\n<meta name=\"description\" content=\"Biurko i krzes\u0142o dzieci\u0119ce\" \/>\n<meta name=\"robots\" content=\"index, follow, max-snippet:-1, max-image-preview:large, max-video-preview:-1\" \/>\n<link rel=\"canonical\" href=\"https:\/\/gmg.sklep.pl\/?product=biurko-i-krzeslo-dzieciece-2\" \/>\n<meta property=\"og:locale\" content=\"pl_PL\" \/>\n<meta property=\"og:type\" content=\"article\" \/>\n<meta property=\"og:title\" content=\"U-Sandy -\" \/>\n<meta property=\"og:description\" content=\"Biurko i krzes\u0142o dzieci\u0119ce\" \/>\n<meta property=\"og:url\" content=\"https:\/\/gmg.sklep.pl\/?product=biurko-i-krzeslo-dzieciece-2\" \/>\n<meta property=\"article:modified_time\" content=\"2022-12-13T14:41:00+00:00\" \/>\n<meta property=\"og:image\" content=\"https:\/\/gmg.sklep.pl\/wp-content\/uploads\/2022\/12\/biurko-sandy-p.png\" \/>\n\t<meta property=\"og:image:width\" content=\"1200\" \/>\n\t<meta property=\"og:image:height\" content=\"1200\" \/>\n\t<meta property=\"og:image:type\" content=\"image\/png\" \/>\n<meta name=\"twitter:card\" content=\"summary_large_image\" \/>\n<meta name=\"twitter:label1\" content=\"Szacowany czas czytania\" \/>\n\t<meta name=\"twitter:data1\" content=\"1 minuta\" \/>\n<script type=\"application\/ld+json\" class=\"yoast-schema-graph\">{\"@context\":\"https:\/\/schema.org\",\"@graph\":[{\"@type\":\"WebPage\",\"@id\":\"https:\/\/gmg.sklep.pl\/?product=biurko-i-krzeslo-dzieciece-2\",\"url\":\"https:\/\/gmg.sklep.pl\/?product=biurko-i-krzeslo-dzieciece-2\",\"name\":\"U-Sandy -\",\"isPartOf\":{\"@id\":\"https:\/\/gmg.sklep.pl\/#website\"},\"primaryImageOfPage\":{\"@id\":\"https:\/\/gmg.sklep.pl\/?product=biurko-i-krzeslo-dzieciece-2#primaryimage\"},\"image\":{\"@id\":\"https:\/\/gmg.sklep.pl\/?product=biurko-i-krzeslo-dzieciece-2#primaryimage\"},\"thumbnailUrl\":\"https:\/\/gmg.sklep.pl\/wp-content\/uploads\/2022\/12\/biurko-sandy-p.png\",\"datePublished\":\"2022-12-13T13:44:19+00:00\",\"dateModified\":\"2022-12-13T14:41:00+00:00\",\"description\":\"Biurko i krzes\u0142o dzieci\u0119ce\",\"breadcrumb\":{\"@id\":\"https:\/\/gmg.sklep.pl\/?product=biurko-i-krzeslo-dzieciece-2#breadcrumb\"},\"inLanguage\":\"pl-PL\",\"potentialAction\":[{\"@type\":\"ReadAction\",\"target\":[\"https:\/\/gmg.sklep.pl\/?product=biurko-i-krzeslo-dzieciece-2\"]}]},{\"@type\":\"ImageObject\",\"inLanguage\":\"pl-PL\",\"@id\":\"https:\/\/gmg.sklep.pl\/?product=biurko-i-krzeslo-dzieciece-2#primaryimage\",\"url\":\"https:\/\/gmg.sklep.pl\/wp-content\/uploads\/2022\/12\/biurko-sandy-p.png\",\"contentUrl\":\"https:\/\/gmg.sklep.pl\/wp-content\/uploads\/2022\/12\/biurko-sandy-p.png\",\"width\":1200,\"height\":1200,\"caption\":\"Biurko dzieci\u0119ce\"},{\"@type\":\"BreadcrumbList\",\"@id\":\"https:\/\/gmg.sklep.pl\/?product=biurko-i-krzeslo-dzieciece-2#breadcrumb\",\"itemListElement\":[{\"@type\":\"ListItem\",\"position\":1,\"name\":\"Strona g\u0142\u00f3wna\",\"item\":\"https:\/\/gmg.sklep.pl\/\"},{\"@type\":\"ListItem\",\"position\":2,\"name\":\"Sklep\",\"item\":\"https:\/\/gmg.sklep.pl\/?page_id=38\"},{\"@type\":\"ListItem\",\"position\":3,\"name\":\"U-Sandy\"}]},{\"@type\":\"WebSite\",\"@id\":\"https:\/\/gmg.sklep.pl\/#website\",\"url\":\"https:\/\/gmg.sklep.pl\/\",\"name\":\"\",\"description\":\"Fotele, krzes\u0142a i inne\",\"potentialAction\":[{\"@type\":\"SearchAction\",\"target\":{\"@type\":\"EntryPoint\",\"urlTemplate\":\"https:\/\/gmg.sklep.pl\/?s={search_term_string}\"},\"query-input\":{\"@type\":\"PropertyValueSpecification\",\"valueRequired\":true,\"valueName\":\"search_term_string\"}}],\"inLanguage\":\"pl-PL\"}]}<\/script>\n<!-- \/ Yoast SEO plugin. -->","yoast_head_json":{"title":"U-Sandy -","description":"Biurko i krzes\u0142o dzieci\u0119ce","robots":{"index":"index","follow":"follow","max-snippet":"max-snippet:-1","max-image-preview":"max-image-preview:large","max-video-preview":"max-video-preview:-1"},"canonical":"https:\/\/gmg.sklep.pl\/?product=biurko-i-krzeslo-dzieciece-2","og_locale":"pl_PL","og_type":"article","og_title":"U-Sandy -","og_description":"Biurko i krzes\u0142o dzieci\u0119ce","og_url":"https:\/\/gmg.sklep.pl\/?product=biurko-i-krzeslo-dzieciece-2","article_modified_time":"2022-12-13T14:41:00+00:00","og_image":[{"width":1200,"height":1200,"url":"https:\/\/gmg.sklep.pl\/wp-content\/uploads\/2022\/12\/biurko-sandy-p.png","type":"image\/png"}],"twitter_card":"summary_large_image","twitter_misc":{"Szacowany czas czytania":"1 minuta"},"schema":{"@context":"https:\/\/schema.org","@graph":[{"@type":"WebPage","@id":"https:\/\/gmg.sklep.pl\/?product=biurko-i-krzeslo-dzieciece-2","url":"https:\/\/gmg.sklep.pl\/?product=biurko-i-krzeslo-dzieciece-2","name":"U-Sandy -","isPartOf":{"@id":"https:\/\/gmg.sklep.pl\/#website"},"primaryImageOfPage":{"@id":"https:\/\/gmg.sklep.pl\/?product=biurko-i-krzeslo-dzieciece-2#primaryimage"},"image":{"@id":"https:\/\/gmg.sklep.pl\/?product=biurko-i-krzeslo-dzieciece-2#primaryimage"},"thumbnailUrl":"https:\/\/gmg.sklep.pl\/wp-content\/uploads\/2022\/12\/biurko-sandy-p.png","datePublished":"2022-12-13T13:44:19+00:00","dateModified":"2022-12-13T14:41:00+00:00","description":"Biurko i krzes\u0142o dzieci\u0119ce","breadcrumb":{"@id":"https:\/\/gmg.sklep.pl\/?product=biurko-i-krzeslo-dzieciece-2#breadcrumb"},"inLanguage":"pl-PL","potentialAction":[{"@type":"ReadAction","target":["https:\/\/gmg.sklep.pl\/?product=biurko-i-krzeslo-dzieciece-2"]}]},{"@type":"ImageObject","inLanguage":"pl-PL","@id":"https:\/\/gmg.sklep.pl\/?product=biurko-i-krzeslo-dzieciece-2#primaryimage","url":"https:\/\/gmg.sklep.pl\/wp-content\/uploads\/2022\/12\/biurko-sandy-p.png","contentUrl":"https:\/\/gmg.sklep.pl\/wp-content\/uploads\/2022\/12\/biurko-sandy-p.png","width":1200,"height":1200,"caption":"Biurko dzieci\u0119ce"},{"@type":"BreadcrumbList","@id":"https:\/\/gmg.sklep.pl\/?product=biurko-i-krzeslo-dzieciece-2#breadcrumb","itemListElement":[{"@type":"ListItem","position":1,"name":"Strona g\u0142\u00f3wna","item":"https:\/\/gmg.sklep.pl\/"},{"@type":"ListItem","position":2,"name":"Sklep","item":"https:\/\/gmg.sklep.pl\/?page_id=38"},{"@type":"ListItem","position":3,"name":"U-Sandy"}]},{"@type":"WebSite","@id":"https:\/\/gmg.sklep.pl\/#website","url":"https:\/\/gmg.sklep.pl\/","name":"","description":"Fotele, krzes\u0142a i inne","potentialAction":[{"@type":"SearchAction","target":{"@type":"EntryPoint","urlTemplate":"https:\/\/gmg.sklep.pl\/?s={search_term_string}"},"query-input":{"@type":"PropertyValueSpecification","valueRequired":true,"valueName":"search_term_string"}}],"inLanguage":"pl-PL"}]}},"_links":{"self":[{"href":"https:\/\/gmg.sklep.pl\/index.php?rest_route=\/wp\/v2\/product\/3608","targetHints":{"allow":["GET"]}}],"collection":[{"href":"https:\/\/gmg.sklep.pl\/index.php?rest_route=\/wp\/v2\/product"}],"about":[{"href":"https:\/\/gmg.sklep.pl\/index.php?rest_route=\/wp\/v2\/types\/product"}],"replies":[{"embeddable":true,"href":"https:\/\/gmg.sklep.pl\/index.php?rest_route=%2Fwp%2Fv2%2Fcomments&post=3608"}],"version-history":[{"count":2,"href":"https:\/\/gmg.sklep.pl\/index.php?rest_route=\/wp\/v2\/product\/3608\/revisions"}],"predecessor-version":[{"id":3659,"href":"https:\/\/gmg.sklep.pl\/index.php?rest_route=\/wp\/v2\/product\/3608\/revisions\/3659"}],"wp:featuredmedia":[{"embeddable":true,"href":"https:\/\/gmg.sklep.pl\/index.php?rest_route=\/wp\/v2\/media\/3609"}],"wp:attachment":[{"href":"https:\/\/gmg.sklep.pl\/index.php?rest_route=%2Fwp%2Fv2%2Fmedia&parent=3608"}],"wp:term":[{"taxonomy":"product_brand","embeddable":true,"href":"https:\/\/gmg.sklep.pl\/index.php?rest_route=%2Fwp%2Fv2%2Fproduct_brand&post=3608"},{"taxonomy":"product_cat","embeddable":true,"href":"https:\/\/gmg.sklep.pl\/index.php?rest_route=%2Fwp%2Fv2%2Fproduct_cat&post=3608"},{"taxonomy":"product_tag","embeddable":true,"href":"https:\/\/gmg.sklep.pl\/index.php?rest_route=%2Fwp%2Fv2%2Fproduct_tag&post=3608"}],"curies":[{"name":"wp","href":"https:\/\/api.w.org\/{rel}","templated":true}]}}