{"id":3519,"date":"2022-09-06T17:18:52","date_gmt":"2022-09-06T15:18:52","guid":{"rendered":"https:\/\/gmg.sklep.pl\/?post_type=product&#038;p=3519"},"modified":"2024-07-08T16:48:22","modified_gmt":"2024-07-08T14:48:22","slug":"ergonomiczny-fotel-gabinetowy","status":"publish","type":"product","link":"https:\/\/gmg.sklep.pl\/?product=ergonomiczny-fotel-gabinetowy","title":{"rendered":"U-SPACE"},"content":{"rendered":"<div id=\"more\" class=\"p-product__text\">\n<p><strong>Ergonomiczny fotel gabinetowy U-Space<\/strong> to idealne rozwi\u0105zanie dla os\u00f3b du\u017co pracuj\u0105cych, ucz\u0105cych si\u0119, czy te\u017c graj\u0105cych przy biurku. Regulacja g\u0142\u0119boko\u015bci siedziska oraz wysuwany podn\u00f3\u017cek zapewni szybki odpoczynek w miejscu pracy!!!<\/p>\n<p>Ergonomiczny, komfortowy i do tego designerski. W\u0142a\u015bnie z uwagi na nowoczesny i stylowy design przypadnie do gustu nawet najbardziej wybrednym u\u017cytkownikom.<\/p>\n<div id=\"more\" class=\"p-product__text\">\n<div id=\"more\" class=\"p-product__text\">\n<div id=\"more\" class=\"p-product__text\">\n<p>&#8211; Regulacja g\u0142\u0119boko\u015bci i wysoko\u015bci siedziska<br \/>\n&#8211; Regulowane pod\u0142okietniki 3D (g\u00f3ra-d\u00f3\u0142, prz\u00f3d-ty\u0142, wychylenie na boki)<br \/>\n&#8211; Elastyczne podparcie l\u0119d\u017awiowe<br \/>\n&#8211; Mechanizm SYNCHRON<br \/>\n&#8211; Oparcie i zag\u0142\u00f3wek tapicerowane siatk\u0105<br \/>\n&#8211; Siedzisko tapicerowane siatk\u0105 wielowarstwow\u0105<br \/>\n&#8211; Podstawa jezdna wykonana z mocnego tworzywa (nylon)<br \/>\n&#8211; Wysuwany podn\u00f3\u017cek<br \/>\n&#8211; Fotel wyposa\u017cony jest w mi\u0119kkie k\u00f3\u0142ka do twardych powierzchni<br \/>\n&#8211; 2 lata gwarancji<\/p>\n<\/div>\n<\/div>\n<\/div>\n<p>Fotel do samodzielnego, \u0142atwego monta\u017cu!<\/p>\n<p>Wysy\u0142ka w 2-3 dni robocze.<\/p>\n<\/div>\n","protected":false},"excerpt":{"rendered":"<p>Ergonomiczny fotel gabinetowy z wysuwanym podn\u00f3\u017ckiem<\/p>\n","protected":false},"featured_media":3520,"comment_status":"open","ping_status":"closed","template":"","meta":{"site-sidebar-layout":"default","site-content-layout":"default","ast-global-header-display":"","ast-main-header-display":"","ast-hfb-above-header-display":"","ast-hfb-below-header-display":"","ast-hfb-mobile-header-display":"","site-post-title":"","ast-breadcrumbs-content":"","ast-featured-img":"","footer-sml-layout":"","theme-transparent-header-meta":"default","adv-header-id-meta":"","stick-header-meta":"","header-above-stick-meta":"","header-main-stick-meta":"","header-below-stick-meta":""},"product_brand":[],"product_cat":[40],"product_tag":[66],"class_list":{"0":"post-3519","1":"product","2":"type-product","3":"status-publish","4":"has-post-thumbnail","6":"product_cat-fotele","7":"product_tag-fotel-gabinetowy","9":"first","10":"instock","11":"featured","12":"shipping-taxable","13":"purchasable","14":"product-type-simple"},"yoast_head":"<!-- This site is optimized with the Yoast SEO plugin v25.9 - https:\/\/yoast.com\/wordpress\/plugins\/seo\/ -->\n<title>U-SPACE -<\/title>\n<meta name=\"description\" content=\"ergonomiczny fotel gabinetowy U-SPACE -\" \/>\n<meta name=\"robots\" content=\"index, follow, max-snippet:-1, max-image-preview:large, max-video-preview:-1\" \/>\n<link rel=\"canonical\" href=\"https:\/\/gmg.sklep.pl\/?product=ergonomiczny-fotel-gabinetowy\" \/>\n<meta property=\"og:locale\" content=\"pl_PL\" \/>\n<meta property=\"og:type\" content=\"article\" \/>\n<meta property=\"og:title\" content=\"U-SPACE -\" \/>\n<meta property=\"og:description\" content=\"ergonomiczny fotel gabinetowy U-SPACE -\" \/>\n<meta property=\"og:url\" content=\"https:\/\/gmg.sklep.pl\/?product=ergonomiczny-fotel-gabinetowy\" \/>\n<meta property=\"article:modified_time\" content=\"2024-07-08T14:48:22+00:00\" \/>\n<meta property=\"og:image\" content=\"https:\/\/gmg.sklep.pl\/wp-content\/uploads\/2022\/09\/u-space-ergonomiczny-fotel-gabinetowy-bok.png\" \/>\n\t<meta property=\"og:image:width\" content=\"1200\" \/>\n\t<meta property=\"og:image:height\" content=\"1200\" \/>\n\t<meta property=\"og:image:type\" content=\"image\/png\" \/>\n<meta name=\"twitter:card\" content=\"summary_large_image\" \/>\n<meta name=\"twitter:label1\" content=\"Szacowany czas czytania\" \/>\n\t<meta name=\"twitter:data1\" content=\"1 minuta\" \/>\n<script type=\"application\/ld+json\" class=\"yoast-schema-graph\">{\"@context\":\"https:\/\/schema.org\",\"@graph\":[{\"@type\":\"WebPage\",\"@id\":\"https:\/\/gmg.sklep.pl\/?product=ergonomiczny-fotel-gabinetowy\",\"url\":\"https:\/\/gmg.sklep.pl\/?product=ergonomiczny-fotel-gabinetowy\",\"name\":\"U-SPACE -\",\"isPartOf\":{\"@id\":\"https:\/\/gmg.sklep.pl\/#website\"},\"primaryImageOfPage\":{\"@id\":\"https:\/\/gmg.sklep.pl\/?product=ergonomiczny-fotel-gabinetowy#primaryimage\"},\"image\":{\"@id\":\"https:\/\/gmg.sklep.pl\/?product=ergonomiczny-fotel-gabinetowy#primaryimage\"},\"thumbnailUrl\":\"https:\/\/gmg.sklep.pl\/wp-content\/uploads\/2022\/09\/u-space-ergonomiczny-fotel-gabinetowy-bok.png\",\"datePublished\":\"2022-09-06T15:18:52+00:00\",\"dateModified\":\"2024-07-08T14:48:22+00:00\",\"description\":\"ergonomiczny fotel gabinetowy U-SPACE -\",\"breadcrumb\":{\"@id\":\"https:\/\/gmg.sklep.pl\/?product=ergonomiczny-fotel-gabinetowy#breadcrumb\"},\"inLanguage\":\"pl-PL\",\"potentialAction\":[{\"@type\":\"ReadAction\",\"target\":[\"https:\/\/gmg.sklep.pl\/?product=ergonomiczny-fotel-gabinetowy\"]}]},{\"@type\":\"ImageObject\",\"inLanguage\":\"pl-PL\",\"@id\":\"https:\/\/gmg.sklep.pl\/?product=ergonomiczny-fotel-gabinetowy#primaryimage\",\"url\":\"https:\/\/gmg.sklep.pl\/wp-content\/uploads\/2022\/09\/u-space-ergonomiczny-fotel-gabinetowy-bok.png\",\"contentUrl\":\"https:\/\/gmg.sklep.pl\/wp-content\/uploads\/2022\/09\/u-space-ergonomiczny-fotel-gabinetowy-bok.png\",\"width\":1200,\"height\":1200,\"caption\":\"fotel gabinetowy\"},{\"@type\":\"BreadcrumbList\",\"@id\":\"https:\/\/gmg.sklep.pl\/?product=ergonomiczny-fotel-gabinetowy#breadcrumb\",\"itemListElement\":[{\"@type\":\"ListItem\",\"position\":1,\"name\":\"Strona g\u0142\u00f3wna\",\"item\":\"https:\/\/gmg.sklep.pl\/\"},{\"@type\":\"ListItem\",\"position\":2,\"name\":\"Sklep\",\"item\":\"https:\/\/gmg.sklep.pl\/?page_id=38\"},{\"@type\":\"ListItem\",\"position\":3,\"name\":\"U-SPACE\"}]},{\"@type\":\"WebSite\",\"@id\":\"https:\/\/gmg.sklep.pl\/#website\",\"url\":\"https:\/\/gmg.sklep.pl\/\",\"name\":\"\",\"description\":\"Fotele, krzes\u0142a i inne\",\"potentialAction\":[{\"@type\":\"SearchAction\",\"target\":{\"@type\":\"EntryPoint\",\"urlTemplate\":\"https:\/\/gmg.sklep.pl\/?s={search_term_string}\"},\"query-input\":{\"@type\":\"PropertyValueSpecification\",\"valueRequired\":true,\"valueName\":\"search_term_string\"}}],\"inLanguage\":\"pl-PL\"}]}<\/script>\n<!-- \/ Yoast SEO plugin. -->","yoast_head_json":{"title":"U-SPACE -","description":"ergonomiczny fotel gabinetowy U-SPACE -","robots":{"index":"index","follow":"follow","max-snippet":"max-snippet:-1","max-image-preview":"max-image-preview:large","max-video-preview":"max-video-preview:-1"},"canonical":"https:\/\/gmg.sklep.pl\/?product=ergonomiczny-fotel-gabinetowy","og_locale":"pl_PL","og_type":"article","og_title":"U-SPACE -","og_description":"ergonomiczny fotel gabinetowy U-SPACE -","og_url":"https:\/\/gmg.sklep.pl\/?product=ergonomiczny-fotel-gabinetowy","article_modified_time":"2024-07-08T14:48:22+00:00","og_image":[{"width":1200,"height":1200,"url":"https:\/\/gmg.sklep.pl\/wp-content\/uploads\/2022\/09\/u-space-ergonomiczny-fotel-gabinetowy-bok.png","type":"image\/png"}],"twitter_card":"summary_large_image","twitter_misc":{"Szacowany czas czytania":"1 minuta"},"schema":{"@context":"https:\/\/schema.org","@graph":[{"@type":"WebPage","@id":"https:\/\/gmg.sklep.pl\/?product=ergonomiczny-fotel-gabinetowy","url":"https:\/\/gmg.sklep.pl\/?product=ergonomiczny-fotel-gabinetowy","name":"U-SPACE -","isPartOf":{"@id":"https:\/\/gmg.sklep.pl\/#website"},"primaryImageOfPage":{"@id":"https:\/\/gmg.sklep.pl\/?product=ergonomiczny-fotel-gabinetowy#primaryimage"},"image":{"@id":"https:\/\/gmg.sklep.pl\/?product=ergonomiczny-fotel-gabinetowy#primaryimage"},"thumbnailUrl":"https:\/\/gmg.sklep.pl\/wp-content\/uploads\/2022\/09\/u-space-ergonomiczny-fotel-gabinetowy-bok.png","datePublished":"2022-09-06T15:18:52+00:00","dateModified":"2024-07-08T14:48:22+00:00","description":"ergonomiczny fotel gabinetowy U-SPACE -","breadcrumb":{"@id":"https:\/\/gmg.sklep.pl\/?product=ergonomiczny-fotel-gabinetowy#breadcrumb"},"inLanguage":"pl-PL","potentialAction":[{"@type":"ReadAction","target":["https:\/\/gmg.sklep.pl\/?product=ergonomiczny-fotel-gabinetowy"]}]},{"@type":"ImageObject","inLanguage":"pl-PL","@id":"https:\/\/gmg.sklep.pl\/?product=ergonomiczny-fotel-gabinetowy#primaryimage","url":"https:\/\/gmg.sklep.pl\/wp-content\/uploads\/2022\/09\/u-space-ergonomiczny-fotel-gabinetowy-bok.png","contentUrl":"https:\/\/gmg.sklep.pl\/wp-content\/uploads\/2022\/09\/u-space-ergonomiczny-fotel-gabinetowy-bok.png","width":1200,"height":1200,"caption":"fotel gabinetowy"},{"@type":"BreadcrumbList","@id":"https:\/\/gmg.sklep.pl\/?product=ergonomiczny-fotel-gabinetowy#breadcrumb","itemListElement":[{"@type":"ListItem","position":1,"name":"Strona g\u0142\u00f3wna","item":"https:\/\/gmg.sklep.pl\/"},{"@type":"ListItem","position":2,"name":"Sklep","item":"https:\/\/gmg.sklep.pl\/?page_id=38"},{"@type":"ListItem","position":3,"name":"U-SPACE"}]},{"@type":"WebSite","@id":"https:\/\/gmg.sklep.pl\/#website","url":"https:\/\/gmg.sklep.pl\/","name":"","description":"Fotele, krzes\u0142a i inne","potentialAction":[{"@type":"SearchAction","target":{"@type":"EntryPoint","urlTemplate":"https:\/\/gmg.sklep.pl\/?s={search_term_string}"},"query-input":{"@type":"PropertyValueSpecification","valueRequired":true,"valueName":"search_term_string"}}],"inLanguage":"pl-PL"}]}},"_links":{"self":[{"href":"https:\/\/gmg.sklep.pl\/index.php?rest_route=\/wp\/v2\/product\/3519","targetHints":{"allow":["GET"]}}],"collection":[{"href":"https:\/\/gmg.sklep.pl\/index.php?rest_route=\/wp\/v2\/product"}],"about":[{"href":"https:\/\/gmg.sklep.pl\/index.php?rest_route=\/wp\/v2\/types\/product"}],"replies":[{"embeddable":true,"href":"https:\/\/gmg.sklep.pl\/index.php?rest_route=%2Fwp%2Fv2%2Fcomments&post=3519"}],"version-history":[{"count":2,"href":"https:\/\/gmg.sklep.pl\/index.php?rest_route=\/wp\/v2\/product\/3519\/revisions"}],"predecessor-version":[{"id":3526,"href":"https:\/\/gmg.sklep.pl\/index.php?rest_route=\/wp\/v2\/product\/3519\/revisions\/3526"}],"wp:featuredmedia":[{"embeddable":true,"href":"https:\/\/gmg.sklep.pl\/index.php?rest_route=\/wp\/v2\/media\/3520"}],"wp:attachment":[{"href":"https:\/\/gmg.sklep.pl\/index.php?rest_route=%2Fwp%2Fv2%2Fmedia&parent=3519"}],"wp:term":[{"taxonomy":"product_brand","embeddable":true,"href":"https:\/\/gmg.sklep.pl\/index.php?rest_route=%2Fwp%2Fv2%2Fproduct_brand&post=3519"},{"taxonomy":"product_cat","embeddable":true,"href":"https:\/\/gmg.sklep.pl\/index.php?rest_route=%2Fwp%2Fv2%2Fproduct_cat&post=3519"},{"taxonomy":"product_tag","embeddable":true,"href":"https:\/\/gmg.sklep.pl\/index.php?rest_route=%2Fwp%2Fv2%2Fproduct_tag&post=3519"}],"curies":[{"name":"wp","href":"https:\/\/api.w.org\/{rel}","templated":true}]}}