{"id":3396,"date":"2022-05-15T10:51:06","date_gmt":"2022-05-15T08:51:06","guid":{"rendered":"https:\/\/gmg.sklep.pl\/?post_type=product&#038;p=3396"},"modified":"2022-09-21T19:45:58","modified_gmt":"2022-09-21T17:45:58","slug":"fotel-gamingowy-2","status":"publish","type":"product","link":"https:\/\/gmg.sklep.pl\/?product=fotel-gamingowy-2","title":{"rendered":"U-DYNAMIQ V5"},"content":{"rendered":"<p>U-DYNAMIQ V5 to fotel gamingowy o wielu opcjach regulacji, kt\u00f3ry zapewni wygod\u0119 podczas wielu godzin grania oraz pracy przy komputerze. Sprawdzi si\u0119 w domu i w biurze. Model ten posiada pod\u0142okietniki o regulowanej wysoko\u015bci, kt\u00f3re mo\u017cna dostosowa\u0107 do indywidualnych preferencji u\u017cytkownika.<\/p>\n<p>U-DYNAMIQ V5 wyposa\u017cony zosta\u0142 w mechanizm odchylenia TILT pozwalaj\u0105cy na zablokowanie siedziska i oparcia w wygodnej pozycji lub swobodne ko\u0142ysanie si\u0119. Fotel dla gracza wyr\u00f3\u017cnia si\u0119 niezale\u017cn\u0105 regulacj\u0105 pochylenia oparcia wzgl\u0119dem siedziska oraz dodatkowymi podp\u00f3rkami w odcinku l\u0119d\u017awiowym oraz szyjnym, kt\u00f3re gwarantuj\u0105 optymalne podparcie dla kr\u0119gos\u0142upa.<\/p>\n<p>Siedzisko i oparcie tapicerowane dobrej jako\u015bci eko-sk\u00f3r\u0105 z dodatkami tkaniny jest odporne na zu\u017cycie i \u0142atwe do czyszczenia. Mocna podstawa jezdna wykonana zosta\u0142a z lakierowanego metalu. Fotel dla gracza U-DYNAMIQ V5 wytrzymuje obci\u0105\u017cenie do 130 kg. Model posiada 2 lata gwarancji.<\/p>\n<p>&#8211; Regulowane pod\u0142okietniki (g\u00f3ra-d\u00f3\u0142)<br \/>\n&#8211; Mechanizm odchylania TILT<br \/>\n&#8211; Siedzisko oraz oparcie tapicerowane eko-sk\u00f3r\u0105 z dodatkami tkaniny<br \/>\n&#8211; Niezale\u017cna regulacja pochylenia oparcia wzgl\u0119dem siedziska<br \/>\n&#8211; Dodatkowe podp\u00f3rki w odcinku l\u0119d\u017awiowym oraz szyjnym<br \/>\n&#8211; Podstawa jezdna wykonana z lakierowanego metalu<br \/>\n&#8211; 2 lata gwarancji<br \/>\n&#8211; Maksymalne obci\u0105\u017cenie 130 kg<\/p>\n<p>Fotel do \u0142atwego, samodzielnego monta\u017cu!<\/p>\n<p>Wysy\u0142ka w 2-3 dni robocze.<\/p>\n","protected":false},"excerpt":{"rendered":"<p>Fotel gamingowy<\/p>\n","protected":false},"featured_media":3397,"comment_status":"open","ping_status":"closed","template":"","meta":{"site-sidebar-layout":"default","site-content-layout":"default","ast-global-header-display":"","ast-main-header-display":"","ast-hfb-above-header-display":"","ast-hfb-below-header-display":"","ast-hfb-mobile-header-display":"","site-post-title":"","ast-breadcrumbs-content":"","ast-featured-img":"","footer-sml-layout":"","theme-transparent-header-meta":"default","adv-header-id-meta":"","stick-header-meta":"","header-above-stick-meta":"","header-main-stick-meta":"","header-below-stick-meta":""},"product_brand":[],"product_cat":[40],"product_tag":[84],"class_list":{"0":"post-3396","1":"product","2":"type-product","3":"status-publish","4":"has-post-thumbnail","6":"product_cat-fotele","7":"product_tag-fotel-gamingowy","9":"first","10":"instock","11":"shipping-taxable","12":"purchasable","13":"product-type-simple"},"yoast_head":"<!-- This site is optimized with the Yoast SEO plugin v25.9 - https:\/\/yoast.com\/wordpress\/plugins\/seo\/ -->\n<title>U-DYNAMIQ V5 -<\/title>\n<meta name=\"description\" content=\"Ergonomiczny fotel gamingowy\" \/>\n<meta name=\"robots\" content=\"index, follow, max-snippet:-1, max-image-preview:large, max-video-preview:-1\" \/>\n<link rel=\"canonical\" href=\"https:\/\/gmg.sklep.pl\/?product=fotel-gamingowy-2\" \/>\n<meta property=\"og:locale\" content=\"pl_PL\" \/>\n<meta property=\"og:type\" content=\"article\" \/>\n<meta property=\"og:title\" content=\"U-DYNAMIQ V5 -\" \/>\n<meta property=\"og:description\" content=\"Ergonomiczny fotel gamingowy\" \/>\n<meta property=\"og:url\" content=\"https:\/\/gmg.sklep.pl\/?product=fotel-gamingowy-2\" \/>\n<meta property=\"article:modified_time\" content=\"2022-09-21T17:45:58+00:00\" \/>\n<meta property=\"og:image\" content=\"https:\/\/gmg.sklep.pl\/wp-content\/uploads\/2022\/05\/fotel-gamingowy-u-dynamiq-v5.png\" \/>\n\t<meta property=\"og:image:width\" content=\"1200\" \/>\n\t<meta property=\"og:image:height\" content=\"1200\" \/>\n\t<meta property=\"og:image:type\" content=\"image\/png\" \/>\n<meta name=\"twitter:card\" content=\"summary_large_image\" \/>\n<meta name=\"twitter:label1\" content=\"Szacowany czas czytania\" \/>\n\t<meta name=\"twitter:data1\" content=\"1 minuta\" \/>\n<script type=\"application\/ld+json\" class=\"yoast-schema-graph\">{\"@context\":\"https:\/\/schema.org\",\"@graph\":[{\"@type\":\"WebPage\",\"@id\":\"https:\/\/gmg.sklep.pl\/?product=fotel-gamingowy-2\",\"url\":\"https:\/\/gmg.sklep.pl\/?product=fotel-gamingowy-2\",\"name\":\"U-DYNAMIQ V5 -\",\"isPartOf\":{\"@id\":\"https:\/\/gmg.sklep.pl\/#website\"},\"primaryImageOfPage\":{\"@id\":\"https:\/\/gmg.sklep.pl\/?product=fotel-gamingowy-2#primaryimage\"},\"image\":{\"@id\":\"https:\/\/gmg.sklep.pl\/?product=fotel-gamingowy-2#primaryimage\"},\"thumbnailUrl\":\"https:\/\/gmg.sklep.pl\/wp-content\/uploads\/2022\/05\/fotel-gamingowy-u-dynamiq-v5.png\",\"datePublished\":\"2022-05-15T08:51:06+00:00\",\"dateModified\":\"2022-09-21T17:45:58+00:00\",\"description\":\"Ergonomiczny fotel gamingowy\",\"breadcrumb\":{\"@id\":\"https:\/\/gmg.sklep.pl\/?product=fotel-gamingowy-2#breadcrumb\"},\"inLanguage\":\"pl-PL\",\"potentialAction\":[{\"@type\":\"ReadAction\",\"target\":[\"https:\/\/gmg.sklep.pl\/?product=fotel-gamingowy-2\"]}]},{\"@type\":\"ImageObject\",\"inLanguage\":\"pl-PL\",\"@id\":\"https:\/\/gmg.sklep.pl\/?product=fotel-gamingowy-2#primaryimage\",\"url\":\"https:\/\/gmg.sklep.pl\/wp-content\/uploads\/2022\/05\/fotel-gamingowy-u-dynamiq-v5.png\",\"contentUrl\":\"https:\/\/gmg.sklep.pl\/wp-content\/uploads\/2022\/05\/fotel-gamingowy-u-dynamiq-v5.png\",\"width\":1200,\"height\":1200,\"caption\":\"fotel gamingowy u-dynamiq v5\"},{\"@type\":\"BreadcrumbList\",\"@id\":\"https:\/\/gmg.sklep.pl\/?product=fotel-gamingowy-2#breadcrumb\",\"itemListElement\":[{\"@type\":\"ListItem\",\"position\":1,\"name\":\"Strona g\u0142\u00f3wna\",\"item\":\"https:\/\/gmg.sklep.pl\/\"},{\"@type\":\"ListItem\",\"position\":2,\"name\":\"Sklep\",\"item\":\"https:\/\/gmg.sklep.pl\/?page_id=38\"},{\"@type\":\"ListItem\",\"position\":3,\"name\":\"U-DYNAMIQ V5\"}]},{\"@type\":\"WebSite\",\"@id\":\"https:\/\/gmg.sklep.pl\/#website\",\"url\":\"https:\/\/gmg.sklep.pl\/\",\"name\":\"\",\"description\":\"Fotele, krzes\u0142a i inne\",\"potentialAction\":[{\"@type\":\"SearchAction\",\"target\":{\"@type\":\"EntryPoint\",\"urlTemplate\":\"https:\/\/gmg.sklep.pl\/?s={search_term_string}\"},\"query-input\":{\"@type\":\"PropertyValueSpecification\",\"valueRequired\":true,\"valueName\":\"search_term_string\"}}],\"inLanguage\":\"pl-PL\"}]}<\/script>\n<!-- \/ Yoast SEO plugin. -->","yoast_head_json":{"title":"U-DYNAMIQ V5 -","description":"Ergonomiczny fotel gamingowy","robots":{"index":"index","follow":"follow","max-snippet":"max-snippet:-1","max-image-preview":"max-image-preview:large","max-video-preview":"max-video-preview:-1"},"canonical":"https:\/\/gmg.sklep.pl\/?product=fotel-gamingowy-2","og_locale":"pl_PL","og_type":"article","og_title":"U-DYNAMIQ V5 -","og_description":"Ergonomiczny fotel gamingowy","og_url":"https:\/\/gmg.sklep.pl\/?product=fotel-gamingowy-2","article_modified_time":"2022-09-21T17:45:58+00:00","og_image":[{"width":1200,"height":1200,"url":"https:\/\/gmg.sklep.pl\/wp-content\/uploads\/2022\/05\/fotel-gamingowy-u-dynamiq-v5.png","type":"image\/png"}],"twitter_card":"summary_large_image","twitter_misc":{"Szacowany czas czytania":"1 minuta"},"schema":{"@context":"https:\/\/schema.org","@graph":[{"@type":"WebPage","@id":"https:\/\/gmg.sklep.pl\/?product=fotel-gamingowy-2","url":"https:\/\/gmg.sklep.pl\/?product=fotel-gamingowy-2","name":"U-DYNAMIQ V5 -","isPartOf":{"@id":"https:\/\/gmg.sklep.pl\/#website"},"primaryImageOfPage":{"@id":"https:\/\/gmg.sklep.pl\/?product=fotel-gamingowy-2#primaryimage"},"image":{"@id":"https:\/\/gmg.sklep.pl\/?product=fotel-gamingowy-2#primaryimage"},"thumbnailUrl":"https:\/\/gmg.sklep.pl\/wp-content\/uploads\/2022\/05\/fotel-gamingowy-u-dynamiq-v5.png","datePublished":"2022-05-15T08:51:06+00:00","dateModified":"2022-09-21T17:45:58+00:00","description":"Ergonomiczny fotel gamingowy","breadcrumb":{"@id":"https:\/\/gmg.sklep.pl\/?product=fotel-gamingowy-2#breadcrumb"},"inLanguage":"pl-PL","potentialAction":[{"@type":"ReadAction","target":["https:\/\/gmg.sklep.pl\/?product=fotel-gamingowy-2"]}]},{"@type":"ImageObject","inLanguage":"pl-PL","@id":"https:\/\/gmg.sklep.pl\/?product=fotel-gamingowy-2#primaryimage","url":"https:\/\/gmg.sklep.pl\/wp-content\/uploads\/2022\/05\/fotel-gamingowy-u-dynamiq-v5.png","contentUrl":"https:\/\/gmg.sklep.pl\/wp-content\/uploads\/2022\/05\/fotel-gamingowy-u-dynamiq-v5.png","width":1200,"height":1200,"caption":"fotel gamingowy u-dynamiq v5"},{"@type":"BreadcrumbList","@id":"https:\/\/gmg.sklep.pl\/?product=fotel-gamingowy-2#breadcrumb","itemListElement":[{"@type":"ListItem","position":1,"name":"Strona g\u0142\u00f3wna","item":"https:\/\/gmg.sklep.pl\/"},{"@type":"ListItem","position":2,"name":"Sklep","item":"https:\/\/gmg.sklep.pl\/?page_id=38"},{"@type":"ListItem","position":3,"name":"U-DYNAMIQ V5"}]},{"@type":"WebSite","@id":"https:\/\/gmg.sklep.pl\/#website","url":"https:\/\/gmg.sklep.pl\/","name":"","description":"Fotele, krzes\u0142a i inne","potentialAction":[{"@type":"SearchAction","target":{"@type":"EntryPoint","urlTemplate":"https:\/\/gmg.sklep.pl\/?s={search_term_string}"},"query-input":{"@type":"PropertyValueSpecification","valueRequired":true,"valueName":"search_term_string"}}],"inLanguage":"pl-PL"}]}},"_links":{"self":[{"href":"https:\/\/gmg.sklep.pl\/index.php?rest_route=\/wp\/v2\/product\/3396","targetHints":{"allow":["GET"]}}],"collection":[{"href":"https:\/\/gmg.sklep.pl\/index.php?rest_route=\/wp\/v2\/product"}],"about":[{"href":"https:\/\/gmg.sklep.pl\/index.php?rest_route=\/wp\/v2\/types\/product"}],"replies":[{"embeddable":true,"href":"https:\/\/gmg.sklep.pl\/index.php?rest_route=%2Fwp%2Fv2%2Fcomments&post=3396"}],"version-history":[{"count":2,"href":"https:\/\/gmg.sklep.pl\/index.php?rest_route=\/wp\/v2\/product\/3396\/revisions"}],"predecessor-version":[{"id":3401,"href":"https:\/\/gmg.sklep.pl\/index.php?rest_route=\/wp\/v2\/product\/3396\/revisions\/3401"}],"wp:featuredmedia":[{"embeddable":true,"href":"https:\/\/gmg.sklep.pl\/index.php?rest_route=\/wp\/v2\/media\/3397"}],"wp:attachment":[{"href":"https:\/\/gmg.sklep.pl\/index.php?rest_route=%2Fwp%2Fv2%2Fmedia&parent=3396"}],"wp:term":[{"taxonomy":"product_brand","embeddable":true,"href":"https:\/\/gmg.sklep.pl\/index.php?rest_route=%2Fwp%2Fv2%2Fproduct_brand&post=3396"},{"taxonomy":"product_cat","embeddable":true,"href":"https:\/\/gmg.sklep.pl\/index.php?rest_route=%2Fwp%2Fv2%2Fproduct_cat&post=3396"},{"taxonomy":"product_tag","embeddable":true,"href":"https:\/\/gmg.sklep.pl\/index.php?rest_route=%2Fwp%2Fv2%2Fproduct_tag&post=3396"}],"curies":[{"name":"wp","href":"https:\/\/api.w.org\/{rel}","templated":true}]}}