{"id":3153,"date":"2022-04-27T18:25:41","date_gmt":"2022-04-27T16:25:41","guid":{"rendered":"https:\/\/gmg.sklep.pl\/?post_type=product&#038;p=3153"},"modified":"2023-02-06T13:48:40","modified_gmt":"2023-02-06T12:48:40","slug":"krzeslo-3","status":"publish","type":"product","link":"https:\/\/gmg.sklep.pl\/?product=krzeslo-3","title":{"rendered":"S-HAN ALU"},"content":{"rendered":"<p><em><strong>Przy zakupie prosimy poda\u0107 wybrany kolor w uwagach \ud83d\ude42<\/strong><\/em><\/p>\n<p>Krzes\u0142o konferencyjne S-HAN jest nie tylko bardzo wygodne, ale tak\u017ce bardzo funkcjonalne. Idealnie pasuje do ka\u017cdego rodzaju pomieszcze\u0144. Do sali konferencyjnej, do biura jako krzes\u0142o dla klienta, do poczekalni, a nawet do domowej jadalni czy salonu.<\/p>\n<ul>\n<li>Stela\u017c w kolorze aluminium<\/li>\n<li>Siedzisko tapicerowane (w kolorze grafitowym lub czarnym)<\/li>\n<li>Oparcie siatkowe (w kolorze grafitowym lub czarnym)<\/li>\n<li>Wyposa\u017cone w tworzywowe stopki zapobiegaj\u0105ce porysowaniu pod\u0142o\u017ca<\/li>\n<li>Mo\u017cliwo\u015b\u0107 sztaplowania \u015brednica rurki 18 mm<\/li>\n<\/ul>\n<p>Wysy\u0142ka w 2-3 dni robocze.<\/p>\n","protected":false},"excerpt":{"rendered":"<p>Stacjonarne krzes\u0142o konferencyjne<\/p>\n","protected":false},"featured_media":3154,"comment_status":"open","ping_status":"closed","template":"","meta":{"site-sidebar-layout":"default","site-content-layout":"default","ast-global-header-display":"","ast-main-header-display":"","ast-hfb-above-header-display":"","ast-hfb-below-header-display":"","ast-hfb-mobile-header-display":"","site-post-title":"","ast-breadcrumbs-content":"","ast-featured-img":"","footer-sml-layout":"","theme-transparent-header-meta":"default","adv-header-id-meta":"","stick-header-meta":"","header-above-stick-meta":"","header-main-stick-meta":"","header-below-stick-meta":""},"product_brand":[],"product_cat":[49],"product_tag":[63],"class_list":{"0":"post-3153","1":"product","2":"type-product","3":"status-publish","4":"has-post-thumbnail","6":"product_cat-krzesla","7":"product_tag-krzeslo-konferencyjne","9":"first","10":"onbackorder","11":"shipping-taxable","12":"purchasable","13":"product-type-simple"},"yoast_head":"<!-- This site is optimized with the Yoast SEO plugin v25.9 - https:\/\/yoast.com\/wordpress\/plugins\/seo\/ -->\n<title>krzes\u0142o konferencyjne S-HAN ALU -<\/title>\n<meta name=\"description\" content=\"krzes\u0142o konferencyjne\" \/>\n<meta name=\"robots\" content=\"index, follow, max-snippet:-1, max-image-preview:large, max-video-preview:-1\" \/>\n<link rel=\"canonical\" href=\"https:\/\/gmg.sklep.pl\/?product=krzeslo-3\" \/>\n<meta property=\"og:locale\" content=\"pl_PL\" \/>\n<meta property=\"og:type\" content=\"article\" \/>\n<meta property=\"og:title\" content=\"krzes\u0142o konferencyjne S-HAN ALU -\" \/>\n<meta property=\"og:description\" content=\"krzes\u0142o konferencyjne\" \/>\n<meta property=\"og:url\" content=\"https:\/\/gmg.sklep.pl\/?product=krzeslo-3\" \/>\n<meta property=\"article:modified_time\" content=\"2023-02-06T12:48:40+00:00\" \/>\n<meta property=\"og:image\" content=\"https:\/\/gmg.sklep.pl\/wp-content\/uploads\/2022\/04\/krzeslo-konferencyjne-s-han-b-alu.png\" \/>\n\t<meta property=\"og:image:width\" content=\"1200\" \/>\n\t<meta property=\"og:image:height\" content=\"1200\" \/>\n\t<meta property=\"og:image:type\" content=\"image\/png\" \/>\n<meta name=\"twitter:card\" content=\"summary_large_image\" \/>\n<meta name=\"twitter:label1\" content=\"Szacowany czas czytania\" \/>\n\t<meta name=\"twitter:data1\" content=\"1 minuta\" \/>\n<script type=\"application\/ld+json\" class=\"yoast-schema-graph\">{\"@context\":\"https:\/\/schema.org\",\"@graph\":[{\"@type\":\"WebPage\",\"@id\":\"https:\/\/gmg.sklep.pl\/?product=krzeslo-3\",\"url\":\"https:\/\/gmg.sklep.pl\/?product=krzeslo-3\",\"name\":\"krzes\u0142o konferencyjne S-HAN ALU -\",\"isPartOf\":{\"@id\":\"https:\/\/gmg.sklep.pl\/#website\"},\"primaryImageOfPage\":{\"@id\":\"https:\/\/gmg.sklep.pl\/?product=krzeslo-3#primaryimage\"},\"image\":{\"@id\":\"https:\/\/gmg.sklep.pl\/?product=krzeslo-3#primaryimage\"},\"thumbnailUrl\":\"https:\/\/gmg.sklep.pl\/wp-content\/uploads\/2022\/04\/krzeslo-konferencyjne-s-han-b-alu.png\",\"datePublished\":\"2022-04-27T16:25:41+00:00\",\"dateModified\":\"2023-02-06T12:48:40+00:00\",\"description\":\"krzes\u0142o konferencyjne\",\"breadcrumb\":{\"@id\":\"https:\/\/gmg.sklep.pl\/?product=krzeslo-3#breadcrumb\"},\"inLanguage\":\"pl-PL\",\"potentialAction\":[{\"@type\":\"ReadAction\",\"target\":[\"https:\/\/gmg.sklep.pl\/?product=krzeslo-3\"]}]},{\"@type\":\"ImageObject\",\"inLanguage\":\"pl-PL\",\"@id\":\"https:\/\/gmg.sklep.pl\/?product=krzeslo-3#primaryimage\",\"url\":\"https:\/\/gmg.sklep.pl\/wp-content\/uploads\/2022\/04\/krzeslo-konferencyjne-s-han-b-alu.png\",\"contentUrl\":\"https:\/\/gmg.sklep.pl\/wp-content\/uploads\/2022\/04\/krzeslo-konferencyjne-s-han-b-alu.png\",\"width\":1200,\"height\":1200,\"caption\":\"krzes\u0142o konferencyjne\"},{\"@type\":\"BreadcrumbList\",\"@id\":\"https:\/\/gmg.sklep.pl\/?product=krzeslo-3#breadcrumb\",\"itemListElement\":[{\"@type\":\"ListItem\",\"position\":1,\"name\":\"Strona g\u0142\u00f3wna\",\"item\":\"https:\/\/gmg.sklep.pl\/\"},{\"@type\":\"ListItem\",\"position\":2,\"name\":\"Sklep\",\"item\":\"https:\/\/gmg.sklep.pl\/?page_id=38\"},{\"@type\":\"ListItem\",\"position\":3,\"name\":\"S-HAN ALU\"}]},{\"@type\":\"WebSite\",\"@id\":\"https:\/\/gmg.sklep.pl\/#website\",\"url\":\"https:\/\/gmg.sklep.pl\/\",\"name\":\"\",\"description\":\"Fotele, krzes\u0142a i inne\",\"potentialAction\":[{\"@type\":\"SearchAction\",\"target\":{\"@type\":\"EntryPoint\",\"urlTemplate\":\"https:\/\/gmg.sklep.pl\/?s={search_term_string}\"},\"query-input\":{\"@type\":\"PropertyValueSpecification\",\"valueRequired\":true,\"valueName\":\"search_term_string\"}}],\"inLanguage\":\"pl-PL\"}]}<\/script>\n<!-- \/ Yoast SEO plugin. -->","yoast_head_json":{"title":"krzes\u0142o konferencyjne S-HAN ALU -","description":"krzes\u0142o konferencyjne","robots":{"index":"index","follow":"follow","max-snippet":"max-snippet:-1","max-image-preview":"max-image-preview:large","max-video-preview":"max-video-preview:-1"},"canonical":"https:\/\/gmg.sklep.pl\/?product=krzeslo-3","og_locale":"pl_PL","og_type":"article","og_title":"krzes\u0142o konferencyjne S-HAN ALU -","og_description":"krzes\u0142o konferencyjne","og_url":"https:\/\/gmg.sklep.pl\/?product=krzeslo-3","article_modified_time":"2023-02-06T12:48:40+00:00","og_image":[{"width":1200,"height":1200,"url":"https:\/\/gmg.sklep.pl\/wp-content\/uploads\/2022\/04\/krzeslo-konferencyjne-s-han-b-alu.png","type":"image\/png"}],"twitter_card":"summary_large_image","twitter_misc":{"Szacowany czas czytania":"1 minuta"},"schema":{"@context":"https:\/\/schema.org","@graph":[{"@type":"WebPage","@id":"https:\/\/gmg.sklep.pl\/?product=krzeslo-3","url":"https:\/\/gmg.sklep.pl\/?product=krzeslo-3","name":"krzes\u0142o konferencyjne S-HAN ALU -","isPartOf":{"@id":"https:\/\/gmg.sklep.pl\/#website"},"primaryImageOfPage":{"@id":"https:\/\/gmg.sklep.pl\/?product=krzeslo-3#primaryimage"},"image":{"@id":"https:\/\/gmg.sklep.pl\/?product=krzeslo-3#primaryimage"},"thumbnailUrl":"https:\/\/gmg.sklep.pl\/wp-content\/uploads\/2022\/04\/krzeslo-konferencyjne-s-han-b-alu.png","datePublished":"2022-04-27T16:25:41+00:00","dateModified":"2023-02-06T12:48:40+00:00","description":"krzes\u0142o konferencyjne","breadcrumb":{"@id":"https:\/\/gmg.sklep.pl\/?product=krzeslo-3#breadcrumb"},"inLanguage":"pl-PL","potentialAction":[{"@type":"ReadAction","target":["https:\/\/gmg.sklep.pl\/?product=krzeslo-3"]}]},{"@type":"ImageObject","inLanguage":"pl-PL","@id":"https:\/\/gmg.sklep.pl\/?product=krzeslo-3#primaryimage","url":"https:\/\/gmg.sklep.pl\/wp-content\/uploads\/2022\/04\/krzeslo-konferencyjne-s-han-b-alu.png","contentUrl":"https:\/\/gmg.sklep.pl\/wp-content\/uploads\/2022\/04\/krzeslo-konferencyjne-s-han-b-alu.png","width":1200,"height":1200,"caption":"krzes\u0142o konferencyjne"},{"@type":"BreadcrumbList","@id":"https:\/\/gmg.sklep.pl\/?product=krzeslo-3#breadcrumb","itemListElement":[{"@type":"ListItem","position":1,"name":"Strona g\u0142\u00f3wna","item":"https:\/\/gmg.sklep.pl\/"},{"@type":"ListItem","position":2,"name":"Sklep","item":"https:\/\/gmg.sklep.pl\/?page_id=38"},{"@type":"ListItem","position":3,"name":"S-HAN ALU"}]},{"@type":"WebSite","@id":"https:\/\/gmg.sklep.pl\/#website","url":"https:\/\/gmg.sklep.pl\/","name":"","description":"Fotele, krzes\u0142a i inne","potentialAction":[{"@type":"SearchAction","target":{"@type":"EntryPoint","urlTemplate":"https:\/\/gmg.sklep.pl\/?s={search_term_string}"},"query-input":{"@type":"PropertyValueSpecification","valueRequired":true,"valueName":"search_term_string"}}],"inLanguage":"pl-PL"}]}},"_links":{"self":[{"href":"https:\/\/gmg.sklep.pl\/index.php?rest_route=\/wp\/v2\/product\/3153","targetHints":{"allow":["GET"]}}],"collection":[{"href":"https:\/\/gmg.sklep.pl\/index.php?rest_route=\/wp\/v2\/product"}],"about":[{"href":"https:\/\/gmg.sklep.pl\/index.php?rest_route=\/wp\/v2\/types\/product"}],"replies":[{"embeddable":true,"href":"https:\/\/gmg.sklep.pl\/index.php?rest_route=%2Fwp%2Fv2%2Fcomments&post=3153"}],"version-history":[{"count":4,"href":"https:\/\/gmg.sklep.pl\/index.php?rest_route=\/wp\/v2\/product\/3153\/revisions"}],"predecessor-version":[{"id":3494,"href":"https:\/\/gmg.sklep.pl\/index.php?rest_route=\/wp\/v2\/product\/3153\/revisions\/3494"}],"wp:featuredmedia":[{"embeddable":true,"href":"https:\/\/gmg.sklep.pl\/index.php?rest_route=\/wp\/v2\/media\/3154"}],"wp:attachment":[{"href":"https:\/\/gmg.sklep.pl\/index.php?rest_route=%2Fwp%2Fv2%2Fmedia&parent=3153"}],"wp:term":[{"taxonomy":"product_brand","embeddable":true,"href":"https:\/\/gmg.sklep.pl\/index.php?rest_route=%2Fwp%2Fv2%2Fproduct_brand&post=3153"},{"taxonomy":"product_cat","embeddable":true,"href":"https:\/\/gmg.sklep.pl\/index.php?rest_route=%2Fwp%2Fv2%2Fproduct_cat&post=3153"},{"taxonomy":"product_tag","embeddable":true,"href":"https:\/\/gmg.sklep.pl\/index.php?rest_route=%2Fwp%2Fv2%2Fproduct_tag&post=3153"}],"curies":[{"name":"wp","href":"https:\/\/api.w.org\/{rel}","templated":true}]}}