{"id":3109,"date":"2022-04-25T16:09:00","date_gmt":"2022-04-25T14:09:00","guid":{"rendered":"https:\/\/gmg.sklep.pl\/?post_type=product&#038;p=3109"},"modified":"2024-07-10T04:20:29","modified_gmt":"2024-07-10T02:20:29","slug":"ergonomiczny-fotel-2","status":"publish","type":"product","link":"https:\/\/gmg.sklep.pl\/?product=ergonomiczny-fotel-2","title":{"rendered":"U-ERGOTECH WHITE"},"content":{"rendered":"<p>Wielogodzinna praca czy nauka przy komputerze szybko mo\u017ce sko\u0144czy\u0107 si\u0119 nie tylko b\u00f3lem plec\u00f3w ale i\u00a0 g\u0142owy, czy te\u017c skurczami n\u00f3g. <strong>Ergonomiczny fotel obrotowy U-ERGOTECH WHITE<\/strong> to idealne rozwi\u0105zanie dla os\u00f3b pracuj\u0105cych, czy te\u017c ucz\u0105cych si\u0119 przy biurku. Nowoczesny design i bia\u0142y kolor dodadz\u0105 szyku ka\u017cdemu pomieszczeniu.<\/p>\n<p>&#8211; Regulowane pod\u0142okietniki g\u00f3ra-d\u00f3\u0142, prz\u00f3d-ty\u0142, wychylenie na boki<br \/>\n&#8211; Regulacja wysoko\u015bci i g\u0142\u0119boko\u015bci siedziska<br \/>\n&#8211; Regulowana wysoko\u015b\u0107 oparcia i zag\u0142\u00f3wka<br \/>\n&#8211; Mechanizm samowa\u017c\u0105cy SYNCHRON<br \/>\n&#8211; Zag\u0142\u00f3wek, oparcie i siedzisko tapicerowane siatk\u0105 w kolorze bia\u0142ym<br \/>\n&#8211; Podstawa jezdna wykonana z bia\u0142ego wytrzyma\u0142ego tworzywa<br \/>\n&#8211; 2 lata gwarancji<br \/>\n&#8211; Maksymalne obci\u0105\u017cenie 130 kg<\/p>\n<p>Krzes\u0142o spe\u0142nia normy<br \/>\nPN-EN 1335-1:2004<br \/>\nPN-EN 1335-2:2019<br \/>\nPN-EN 1728:2012\/AC:2013<br \/>\nPN-EN 1022:2019<\/p>\n<p>Fotel do samodzielnego, \u0142atwego monta\u017cu!<\/p>\n<p>Wysy\u0142ka w 2-3 dni robocze.<\/p>\n","protected":false},"excerpt":{"rendered":"<p>Ergonomiczny fotel obrotowy z zag\u0142\u00f3wkiem<\/p>\n","protected":false},"featured_media":3110,"comment_status":"open","ping_status":"closed","template":"","meta":{"site-sidebar-layout":"default","site-content-layout":"default","ast-global-header-display":"","ast-main-header-display":"","ast-hfb-above-header-display":"","ast-hfb-below-header-display":"","ast-hfb-mobile-header-display":"","site-post-title":"","ast-breadcrumbs-content":"","ast-featured-img":"","footer-sml-layout":"","theme-transparent-header-meta":"default","adv-header-id-meta":"","stick-header-meta":"","header-above-stick-meta":"","header-main-stick-meta":"","header-below-stick-meta":""},"product_brand":[],"product_cat":[40],"product_tag":[83],"class_list":{"0":"post-3109","1":"product","2":"type-product","3":"status-publish","4":"has-post-thumbnail","6":"product_cat-fotele","7":"product_tag-ergonomiczny-fotel","9":"first","10":"instock","11":"sale","12":"featured","13":"shipping-taxable","14":"purchasable","15":"product-type-simple"},"yoast_head":"<!-- This site is optimized with the Yoast SEO plugin v25.9 - https:\/\/yoast.com\/wordpress\/plugins\/seo\/ -->\n<title>U-ERGOTECH WHITE -<\/title>\n<meta name=\"description\" content=\"ergonomiczny fotel\" \/>\n<meta name=\"robots\" content=\"index, follow, max-snippet:-1, max-image-preview:large, max-video-preview:-1\" \/>\n<link rel=\"canonical\" href=\"https:\/\/gmg.sklep.pl\/?product=ergonomiczny-fotel-2\" \/>\n<meta property=\"og:locale\" content=\"pl_PL\" \/>\n<meta property=\"og:type\" content=\"article\" \/>\n<meta property=\"og:title\" content=\"U-ERGOTECH WHITE -\" \/>\n<meta property=\"og:description\" content=\"ergonomiczny fotel\" \/>\n<meta property=\"og:url\" content=\"https:\/\/gmg.sklep.pl\/?product=ergonomiczny-fotel-2\" \/>\n<meta property=\"article:modified_time\" content=\"2024-07-10T02:20:29+00:00\" \/>\n<meta property=\"og:image\" content=\"https:\/\/gmg.sklep.pl\/wp-content\/uploads\/2022\/04\/ergonomiczny-fotel-obrotowy-white-u-ergotech.png\" \/>\n\t<meta property=\"og:image:width\" content=\"1200\" \/>\n\t<meta property=\"og:image:height\" content=\"1200\" \/>\n\t<meta property=\"og:image:type\" content=\"image\/png\" \/>\n<meta name=\"twitter:card\" content=\"summary_large_image\" \/>\n<meta name=\"twitter:label1\" content=\"Szacowany czas czytania\" \/>\n\t<meta name=\"twitter:data1\" content=\"1 minuta\" \/>\n<script type=\"application\/ld+json\" class=\"yoast-schema-graph\">{\"@context\":\"https:\/\/schema.org\",\"@graph\":[{\"@type\":\"WebPage\",\"@id\":\"https:\/\/gmg.sklep.pl\/?product=ergonomiczny-fotel-2\",\"url\":\"https:\/\/gmg.sklep.pl\/?product=ergonomiczny-fotel-2\",\"name\":\"U-ERGOTECH WHITE -\",\"isPartOf\":{\"@id\":\"https:\/\/gmg.sklep.pl\/#website\"},\"primaryImageOfPage\":{\"@id\":\"https:\/\/gmg.sklep.pl\/?product=ergonomiczny-fotel-2#primaryimage\"},\"image\":{\"@id\":\"https:\/\/gmg.sklep.pl\/?product=ergonomiczny-fotel-2#primaryimage\"},\"thumbnailUrl\":\"https:\/\/gmg.sklep.pl\/wp-content\/uploads\/2022\/04\/ergonomiczny-fotel-obrotowy-white-u-ergotech.png\",\"datePublished\":\"2022-04-25T14:09:00+00:00\",\"dateModified\":\"2024-07-10T02:20:29+00:00\",\"description\":\"ergonomiczny fotel\",\"breadcrumb\":{\"@id\":\"https:\/\/gmg.sklep.pl\/?product=ergonomiczny-fotel-2#breadcrumb\"},\"inLanguage\":\"pl-PL\",\"potentialAction\":[{\"@type\":\"ReadAction\",\"target\":[\"https:\/\/gmg.sklep.pl\/?product=ergonomiczny-fotel-2\"]}]},{\"@type\":\"ImageObject\",\"inLanguage\":\"pl-PL\",\"@id\":\"https:\/\/gmg.sklep.pl\/?product=ergonomiczny-fotel-2#primaryimage\",\"url\":\"https:\/\/gmg.sklep.pl\/wp-content\/uploads\/2022\/04\/ergonomiczny-fotel-obrotowy-white-u-ergotech.png\",\"contentUrl\":\"https:\/\/gmg.sklep.pl\/wp-content\/uploads\/2022\/04\/ergonomiczny-fotel-obrotowy-white-u-ergotech.png\",\"width\":1200,\"height\":1200,\"caption\":\"ergonomiczny fotel obrotowy\"},{\"@type\":\"BreadcrumbList\",\"@id\":\"https:\/\/gmg.sklep.pl\/?product=ergonomiczny-fotel-2#breadcrumb\",\"itemListElement\":[{\"@type\":\"ListItem\",\"position\":1,\"name\":\"Strona g\u0142\u00f3wna\",\"item\":\"https:\/\/gmg.sklep.pl\/\"},{\"@type\":\"ListItem\",\"position\":2,\"name\":\"Sklep\",\"item\":\"https:\/\/gmg.sklep.pl\/?page_id=38\"},{\"@type\":\"ListItem\",\"position\":3,\"name\":\"U-ERGOTECH WHITE\"}]},{\"@type\":\"WebSite\",\"@id\":\"https:\/\/gmg.sklep.pl\/#website\",\"url\":\"https:\/\/gmg.sklep.pl\/\",\"name\":\"\",\"description\":\"Fotele, krzes\u0142a i inne\",\"potentialAction\":[{\"@type\":\"SearchAction\",\"target\":{\"@type\":\"EntryPoint\",\"urlTemplate\":\"https:\/\/gmg.sklep.pl\/?s={search_term_string}\"},\"query-input\":{\"@type\":\"PropertyValueSpecification\",\"valueRequired\":true,\"valueName\":\"search_term_string\"}}],\"inLanguage\":\"pl-PL\"}]}<\/script>\n<!-- \/ Yoast SEO plugin. -->","yoast_head_json":{"title":"U-ERGOTECH WHITE -","description":"ergonomiczny fotel","robots":{"index":"index","follow":"follow","max-snippet":"max-snippet:-1","max-image-preview":"max-image-preview:large","max-video-preview":"max-video-preview:-1"},"canonical":"https:\/\/gmg.sklep.pl\/?product=ergonomiczny-fotel-2","og_locale":"pl_PL","og_type":"article","og_title":"U-ERGOTECH WHITE -","og_description":"ergonomiczny fotel","og_url":"https:\/\/gmg.sklep.pl\/?product=ergonomiczny-fotel-2","article_modified_time":"2024-07-10T02:20:29+00:00","og_image":[{"width":1200,"height":1200,"url":"https:\/\/gmg.sklep.pl\/wp-content\/uploads\/2022\/04\/ergonomiczny-fotel-obrotowy-white-u-ergotech.png","type":"image\/png"}],"twitter_card":"summary_large_image","twitter_misc":{"Szacowany czas czytania":"1 minuta"},"schema":{"@context":"https:\/\/schema.org","@graph":[{"@type":"WebPage","@id":"https:\/\/gmg.sklep.pl\/?product=ergonomiczny-fotel-2","url":"https:\/\/gmg.sklep.pl\/?product=ergonomiczny-fotel-2","name":"U-ERGOTECH WHITE -","isPartOf":{"@id":"https:\/\/gmg.sklep.pl\/#website"},"primaryImageOfPage":{"@id":"https:\/\/gmg.sklep.pl\/?product=ergonomiczny-fotel-2#primaryimage"},"image":{"@id":"https:\/\/gmg.sklep.pl\/?product=ergonomiczny-fotel-2#primaryimage"},"thumbnailUrl":"https:\/\/gmg.sklep.pl\/wp-content\/uploads\/2022\/04\/ergonomiczny-fotel-obrotowy-white-u-ergotech.png","datePublished":"2022-04-25T14:09:00+00:00","dateModified":"2024-07-10T02:20:29+00:00","description":"ergonomiczny fotel","breadcrumb":{"@id":"https:\/\/gmg.sklep.pl\/?product=ergonomiczny-fotel-2#breadcrumb"},"inLanguage":"pl-PL","potentialAction":[{"@type":"ReadAction","target":["https:\/\/gmg.sklep.pl\/?product=ergonomiczny-fotel-2"]}]},{"@type":"ImageObject","inLanguage":"pl-PL","@id":"https:\/\/gmg.sklep.pl\/?product=ergonomiczny-fotel-2#primaryimage","url":"https:\/\/gmg.sklep.pl\/wp-content\/uploads\/2022\/04\/ergonomiczny-fotel-obrotowy-white-u-ergotech.png","contentUrl":"https:\/\/gmg.sklep.pl\/wp-content\/uploads\/2022\/04\/ergonomiczny-fotel-obrotowy-white-u-ergotech.png","width":1200,"height":1200,"caption":"ergonomiczny fotel obrotowy"},{"@type":"BreadcrumbList","@id":"https:\/\/gmg.sklep.pl\/?product=ergonomiczny-fotel-2#breadcrumb","itemListElement":[{"@type":"ListItem","position":1,"name":"Strona g\u0142\u00f3wna","item":"https:\/\/gmg.sklep.pl\/"},{"@type":"ListItem","position":2,"name":"Sklep","item":"https:\/\/gmg.sklep.pl\/?page_id=38"},{"@type":"ListItem","position":3,"name":"U-ERGOTECH WHITE"}]},{"@type":"WebSite","@id":"https:\/\/gmg.sklep.pl\/#website","url":"https:\/\/gmg.sklep.pl\/","name":"","description":"Fotele, krzes\u0142a i inne","potentialAction":[{"@type":"SearchAction","target":{"@type":"EntryPoint","urlTemplate":"https:\/\/gmg.sklep.pl\/?s={search_term_string}"},"query-input":{"@type":"PropertyValueSpecification","valueRequired":true,"valueName":"search_term_string"}}],"inLanguage":"pl-PL"}]}},"_links":{"self":[{"href":"https:\/\/gmg.sklep.pl\/index.php?rest_route=\/wp\/v2\/product\/3109","targetHints":{"allow":["GET"]}}],"collection":[{"href":"https:\/\/gmg.sklep.pl\/index.php?rest_route=\/wp\/v2\/product"}],"about":[{"href":"https:\/\/gmg.sklep.pl\/index.php?rest_route=\/wp\/v2\/types\/product"}],"replies":[{"embeddable":true,"href":"https:\/\/gmg.sklep.pl\/index.php?rest_route=%2Fwp%2Fv2%2Fcomments&post=3109"}],"version-history":[{"count":6,"href":"https:\/\/gmg.sklep.pl\/index.php?rest_route=\/wp\/v2\/product\/3109\/revisions"}],"predecessor-version":[{"id":3663,"href":"https:\/\/gmg.sklep.pl\/index.php?rest_route=\/wp\/v2\/product\/3109\/revisions\/3663"}],"wp:featuredmedia":[{"embeddable":true,"href":"https:\/\/gmg.sklep.pl\/index.php?rest_route=\/wp\/v2\/media\/3110"}],"wp:attachment":[{"href":"https:\/\/gmg.sklep.pl\/index.php?rest_route=%2Fwp%2Fv2%2Fmedia&parent=3109"}],"wp:term":[{"taxonomy":"product_brand","embeddable":true,"href":"https:\/\/gmg.sklep.pl\/index.php?rest_route=%2Fwp%2Fv2%2Fproduct_brand&post=3109"},{"taxonomy":"product_cat","embeddable":true,"href":"https:\/\/gmg.sklep.pl\/index.php?rest_route=%2Fwp%2Fv2%2Fproduct_cat&post=3109"},{"taxonomy":"product_tag","embeddable":true,"href":"https:\/\/gmg.sklep.pl\/index.php?rest_route=%2Fwp%2Fv2%2Fproduct_tag&post=3109"}],"curies":[{"name":"wp","href":"https:\/\/api.w.org\/{rel}","templated":true}]}}