{"id":3094,"date":"2022-04-25T14:21:05","date_gmt":"2022-04-25T12:21:05","guid":{"rendered":"https:\/\/gmg.sklep.pl\/?post_type=product&#038;p=3094"},"modified":"2023-09-08T11:44:23","modified_gmt":"2023-09-08T09:44:23","slug":"fotel-obrotowy-2","status":"publish","type":"product","link":"https:\/\/gmg.sklep.pl\/?product=fotel-obrotowy-2","title":{"rendered":"P-PLAYA"},"content":{"rendered":"<p>Wielogodzinna praca czy nauka przy komputerze szybko mo\u017ce sko\u0144czy\u0107 si\u0119 nie tylko b\u00f3lem plec\u00f3w ale i\u00a0 g\u0142owy, czy te\u017c skurczami n\u00f3g. <strong>Ergonomiczny fotel obrotowy P-PLAYA<\/strong> to idealne rozwi\u0105zanie dla os\u00f3b pracuj\u0105cych, czy te\u017c ucz\u0105cych si\u0119 przy biurku.<\/p>\n<p>&#8211; Regulowane pod\u0142okietniki g\u00f3ra-d\u00f3\u0142 (80mm) nak\u0142adka poliuretanowa, kolor czarny<br \/>\n&#8211; Regulacja wysoko\u015bci i g\u0142\u0119boko\u015bci siedziska<\/p>\n<p style=\"text-align: left;\">&#8211; Regulowana wysoko\u015b\u0107 oparcia i zag\u0142\u00f3wka<br \/>\n&#8211; Mechanizm samowa\u017c\u0105cy SYNCHRO SL (regulacja synchronicznego odchylania oparcia\/siedziska z mo\u017cliwo\u015bci\u0105 dostosowania spr\u0119\u017cysto\u015bci odchylenia oparcia do ci\u0119\u017caru siedz\u0105cego, system ANTI-SHOCK &#8211; po zwolnieniu mechanizmu oparcie nie uderza siedz\u0105cego w plecy, a pozostaje we wcze\u015bniejszym u\u0142o\u017ceniu i dopiero po ponownym oparciu si\u0119 &#8211; mechanizm SYNCHRO zostaje uaktywniony)<br \/>\n&#8211; Zag\u0142\u00f3wek, oparcie i siedzisko tapicerowane wysokogatunkow\u0105 eko sk\u00f3r\u0105 w kolorze czarnym<br \/>\n&#8211; Podstawa jezdna wykonana z mocnego tworzywa sztucznego w kolorze czarnym<br \/>\n&#8211; <strong>5<\/strong> lat gwarancji<\/p>\n<p>Fotel do samodzielnego, \u0142atwego monta\u017cu!<\/p>\n<div id=\"more\" class=\"p-product__text\">\n<p>Wysy\u0142ka w 2-3 dni robocze.<\/p>\n<\/div>\n","protected":false},"excerpt":{"rendered":"<p>Ergonomiczny fotel obrotowy z zag\u0142\u00f3wkiem<\/p>\n","protected":false},"featured_media":3103,"comment_status":"open","ping_status":"closed","template":"","meta":{"site-sidebar-layout":"default","site-content-layout":"default","ast-global-header-display":"","ast-main-header-display":"","ast-hfb-above-header-display":"","ast-hfb-below-header-display":"","ast-hfb-mobile-header-display":"","site-post-title":"","ast-breadcrumbs-content":"","ast-featured-img":"","footer-sml-layout":"","theme-transparent-header-meta":"default","adv-header-id-meta":"","stick-header-meta":"","header-above-stick-meta":"","header-main-stick-meta":"","header-below-stick-meta":""},"product_brand":[],"product_cat":[40],"product_tag":[60],"class_list":{"0":"post-3094","1":"product","2":"type-product","3":"status-publish","4":"has-post-thumbnail","6":"product_cat-fotele","7":"product_tag-fotel-obrotowy","9":"first","10":"instock","11":"shipping-taxable","12":"purchasable","13":"product-type-simple"},"yoast_head":"<!-- This site is optimized with the Yoast SEO plugin v25.9 - https:\/\/yoast.com\/wordpress\/plugins\/seo\/ -->\n<title>P-PLAYA -<\/title>\n<meta name=\"description\" content=\"fotel obrotowy\" \/>\n<meta name=\"robots\" content=\"index, follow, max-snippet:-1, max-image-preview:large, max-video-preview:-1\" \/>\n<link rel=\"canonical\" href=\"https:\/\/gmg.sklep.pl\/?product=fotel-obrotowy-2\" \/>\n<meta property=\"og:locale\" content=\"pl_PL\" \/>\n<meta property=\"og:type\" content=\"article\" \/>\n<meta property=\"og:title\" content=\"P-PLAYA -\" \/>\n<meta property=\"og:description\" content=\"fotel obrotowy\" \/>\n<meta property=\"og:url\" content=\"https:\/\/gmg.sklep.pl\/?product=fotel-obrotowy-2\" \/>\n<meta property=\"article:modified_time\" content=\"2023-09-08T09:44:23+00:00\" \/>\n<meta property=\"og:image\" content=\"https:\/\/gmg.sklep.pl\/wp-content\/uploads\/2022\/04\/ergonomiczny-fotel-obrotowy-playa.png\" \/>\n\t<meta property=\"og:image:width\" content=\"1200\" \/>\n\t<meta property=\"og:image:height\" content=\"1200\" \/>\n\t<meta property=\"og:image:type\" content=\"image\/png\" \/>\n<meta name=\"twitter:card\" content=\"summary_large_image\" \/>\n<meta name=\"twitter:label1\" content=\"Szacowany czas czytania\" \/>\n\t<meta name=\"twitter:data1\" content=\"1 minuta\" \/>\n<script type=\"application\/ld+json\" class=\"yoast-schema-graph\">{\"@context\":\"https:\/\/schema.org\",\"@graph\":[{\"@type\":\"WebPage\",\"@id\":\"https:\/\/gmg.sklep.pl\/?product=fotel-obrotowy-2\",\"url\":\"https:\/\/gmg.sklep.pl\/?product=fotel-obrotowy-2\",\"name\":\"P-PLAYA -\",\"isPartOf\":{\"@id\":\"https:\/\/gmg.sklep.pl\/#website\"},\"primaryImageOfPage\":{\"@id\":\"https:\/\/gmg.sklep.pl\/?product=fotel-obrotowy-2#primaryimage\"},\"image\":{\"@id\":\"https:\/\/gmg.sklep.pl\/?product=fotel-obrotowy-2#primaryimage\"},\"thumbnailUrl\":\"https:\/\/gmg.sklep.pl\/wp-content\/uploads\/2022\/04\/ergonomiczny-fotel-obrotowy-playa.png\",\"datePublished\":\"2022-04-25T12:21:05+00:00\",\"dateModified\":\"2023-09-08T09:44:23+00:00\",\"description\":\"fotel obrotowy\",\"breadcrumb\":{\"@id\":\"https:\/\/gmg.sklep.pl\/?product=fotel-obrotowy-2#breadcrumb\"},\"inLanguage\":\"pl-PL\",\"potentialAction\":[{\"@type\":\"ReadAction\",\"target\":[\"https:\/\/gmg.sklep.pl\/?product=fotel-obrotowy-2\"]}]},{\"@type\":\"ImageObject\",\"inLanguage\":\"pl-PL\",\"@id\":\"https:\/\/gmg.sklep.pl\/?product=fotel-obrotowy-2#primaryimage\",\"url\":\"https:\/\/gmg.sklep.pl\/wp-content\/uploads\/2022\/04\/ergonomiczny-fotel-obrotowy-playa.png\",\"contentUrl\":\"https:\/\/gmg.sklep.pl\/wp-content\/uploads\/2022\/04\/ergonomiczny-fotel-obrotowy-playa.png\",\"width\":1200,\"height\":1200,\"caption\":\"fotel obrotowy\"},{\"@type\":\"BreadcrumbList\",\"@id\":\"https:\/\/gmg.sklep.pl\/?product=fotel-obrotowy-2#breadcrumb\",\"itemListElement\":[{\"@type\":\"ListItem\",\"position\":1,\"name\":\"Strona g\u0142\u00f3wna\",\"item\":\"https:\/\/gmg.sklep.pl\/\"},{\"@type\":\"ListItem\",\"position\":2,\"name\":\"Sklep\",\"item\":\"https:\/\/gmg.sklep.pl\/?page_id=38\"},{\"@type\":\"ListItem\",\"position\":3,\"name\":\"P-PLAYA\"}]},{\"@type\":\"WebSite\",\"@id\":\"https:\/\/gmg.sklep.pl\/#website\",\"url\":\"https:\/\/gmg.sklep.pl\/\",\"name\":\"\",\"description\":\"Fotele, krzes\u0142a i inne\",\"potentialAction\":[{\"@type\":\"SearchAction\",\"target\":{\"@type\":\"EntryPoint\",\"urlTemplate\":\"https:\/\/gmg.sklep.pl\/?s={search_term_string}\"},\"query-input\":{\"@type\":\"PropertyValueSpecification\",\"valueRequired\":true,\"valueName\":\"search_term_string\"}}],\"inLanguage\":\"pl-PL\"}]}<\/script>\n<!-- \/ Yoast SEO plugin. -->","yoast_head_json":{"title":"P-PLAYA -","description":"fotel obrotowy","robots":{"index":"index","follow":"follow","max-snippet":"max-snippet:-1","max-image-preview":"max-image-preview:large","max-video-preview":"max-video-preview:-1"},"canonical":"https:\/\/gmg.sklep.pl\/?product=fotel-obrotowy-2","og_locale":"pl_PL","og_type":"article","og_title":"P-PLAYA -","og_description":"fotel obrotowy","og_url":"https:\/\/gmg.sklep.pl\/?product=fotel-obrotowy-2","article_modified_time":"2023-09-08T09:44:23+00:00","og_image":[{"width":1200,"height":1200,"url":"https:\/\/gmg.sklep.pl\/wp-content\/uploads\/2022\/04\/ergonomiczny-fotel-obrotowy-playa.png","type":"image\/png"}],"twitter_card":"summary_large_image","twitter_misc":{"Szacowany czas czytania":"1 minuta"},"schema":{"@context":"https:\/\/schema.org","@graph":[{"@type":"WebPage","@id":"https:\/\/gmg.sklep.pl\/?product=fotel-obrotowy-2","url":"https:\/\/gmg.sklep.pl\/?product=fotel-obrotowy-2","name":"P-PLAYA -","isPartOf":{"@id":"https:\/\/gmg.sklep.pl\/#website"},"primaryImageOfPage":{"@id":"https:\/\/gmg.sklep.pl\/?product=fotel-obrotowy-2#primaryimage"},"image":{"@id":"https:\/\/gmg.sklep.pl\/?product=fotel-obrotowy-2#primaryimage"},"thumbnailUrl":"https:\/\/gmg.sklep.pl\/wp-content\/uploads\/2022\/04\/ergonomiczny-fotel-obrotowy-playa.png","datePublished":"2022-04-25T12:21:05+00:00","dateModified":"2023-09-08T09:44:23+00:00","description":"fotel obrotowy","breadcrumb":{"@id":"https:\/\/gmg.sklep.pl\/?product=fotel-obrotowy-2#breadcrumb"},"inLanguage":"pl-PL","potentialAction":[{"@type":"ReadAction","target":["https:\/\/gmg.sklep.pl\/?product=fotel-obrotowy-2"]}]},{"@type":"ImageObject","inLanguage":"pl-PL","@id":"https:\/\/gmg.sklep.pl\/?product=fotel-obrotowy-2#primaryimage","url":"https:\/\/gmg.sklep.pl\/wp-content\/uploads\/2022\/04\/ergonomiczny-fotel-obrotowy-playa.png","contentUrl":"https:\/\/gmg.sklep.pl\/wp-content\/uploads\/2022\/04\/ergonomiczny-fotel-obrotowy-playa.png","width":1200,"height":1200,"caption":"fotel obrotowy"},{"@type":"BreadcrumbList","@id":"https:\/\/gmg.sklep.pl\/?product=fotel-obrotowy-2#breadcrumb","itemListElement":[{"@type":"ListItem","position":1,"name":"Strona g\u0142\u00f3wna","item":"https:\/\/gmg.sklep.pl\/"},{"@type":"ListItem","position":2,"name":"Sklep","item":"https:\/\/gmg.sklep.pl\/?page_id=38"},{"@type":"ListItem","position":3,"name":"P-PLAYA"}]},{"@type":"WebSite","@id":"https:\/\/gmg.sklep.pl\/#website","url":"https:\/\/gmg.sklep.pl\/","name":"","description":"Fotele, krzes\u0142a i inne","potentialAction":[{"@type":"SearchAction","target":{"@type":"EntryPoint","urlTemplate":"https:\/\/gmg.sklep.pl\/?s={search_term_string}"},"query-input":{"@type":"PropertyValueSpecification","valueRequired":true,"valueName":"search_term_string"}}],"inLanguage":"pl-PL"}]}},"_links":{"self":[{"href":"https:\/\/gmg.sklep.pl\/index.php?rest_route=\/wp\/v2\/product\/3094","targetHints":{"allow":["GET"]}}],"collection":[{"href":"https:\/\/gmg.sklep.pl\/index.php?rest_route=\/wp\/v2\/product"}],"about":[{"href":"https:\/\/gmg.sklep.pl\/index.php?rest_route=\/wp\/v2\/types\/product"}],"replies":[{"embeddable":true,"href":"https:\/\/gmg.sklep.pl\/index.php?rest_route=%2Fwp%2Fv2%2Fcomments&post=3094"}],"version-history":[{"count":5,"href":"https:\/\/gmg.sklep.pl\/index.php?rest_route=\/wp\/v2\/product\/3094\/revisions"}],"predecessor-version":[{"id":3359,"href":"https:\/\/gmg.sklep.pl\/index.php?rest_route=\/wp\/v2\/product\/3094\/revisions\/3359"}],"wp:featuredmedia":[{"embeddable":true,"href":"https:\/\/gmg.sklep.pl\/index.php?rest_route=\/wp\/v2\/media\/3103"}],"wp:attachment":[{"href":"https:\/\/gmg.sklep.pl\/index.php?rest_route=%2Fwp%2Fv2%2Fmedia&parent=3094"}],"wp:term":[{"taxonomy":"product_brand","embeddable":true,"href":"https:\/\/gmg.sklep.pl\/index.php?rest_route=%2Fwp%2Fv2%2Fproduct_brand&post=3094"},{"taxonomy":"product_cat","embeddable":true,"href":"https:\/\/gmg.sklep.pl\/index.php?rest_route=%2Fwp%2Fv2%2Fproduct_cat&post=3094"},{"taxonomy":"product_tag","embeddable":true,"href":"https:\/\/gmg.sklep.pl\/index.php?rest_route=%2Fwp%2Fv2%2Fproduct_tag&post=3094"}],"curies":[{"name":"wp","href":"https:\/\/api.w.org\/{rel}","templated":true}]}}