{"id":2998,"date":"2022-04-08T15:57:59","date_gmt":"2022-04-08T13:57:59","guid":{"rendered":"https:\/\/gmg.sklep.pl\/?page_id=2998"},"modified":"2022-04-08T15:57:59","modified_gmt":"2022-04-08T13:57:59","slug":"warunki-ogolne","status":"publish","type":"page","link":"https:\/\/gmg.sklep.pl\/?page_id=2998","title":{"rendered":"Warunki Og\u00f3lne"},"content":{"rendered":"\n<p>WARUNKI OG\u00d3LNE, WARUNKI ZAMAWIANIA I SPRZEDA\u017bY<\/p>\n\n\n\n<ol class=\"wp-block-list\"><li>W\u0142a\u015bcicielem Sklepu Internetowego GMG, dzia\u0142aj\u0105cego pod adresem \u2026\u2026\u2026\u2026\u2026..jest firma Katarzyna S\u0142awska GMG Meble Biurowe i Metalowe, wpisany do rejestru Centralnej Ewidencji i Informacji o Dzia\u0142alno\u015bci Gospodarczej pod nr NIP: 8392465079.<\/li><li>Klient ze Sprzedaj\u0105cym mo\u017ce kontaktowa\u0107 si\u0119 mailowo pod adresem poczty elektronicznej biuro@gmgslupsk.pl lub telefonicznie pod nr telefonu + 48 608 62 64 62.<\/li><li>Zam\u00f3wienia na artyku\u0142y mo\u017cna sk\u0142ada\u0107 za po\u015brednictwem strony Internetowej znajduj\u0105cej si\u0119 pod adresem \u2026\u2026\u2026\u2026.<\/li><li>Zam\u00f3wienia s\u0105 przyjmowane 24 godziny na dob\u0119 przez ca\u0142y rok.<\/li><li>Zam\u00f3wienia z\u0142o\u017cone w dni powszednie po godz. 13.00, w soboty, w niedziele oraz w \u015bwi\u0119ta b\u0119d\u0105 rozpatrywane nast\u0119pnego dnia roboczego.<\/li><li>Ceny w Sklepie Internetowym GMG wyra\u017cone s\u0105 w z\u0142otych polskich i zawieraj\u0105 podatek VAT (ceny brutto). W przypadku zakupu towaru na kt\u00f3ry wprowadzona jest b\u0142\u0119dna cena, przez obs\u0142ug\u0119 sklepu b\u0105d\u017a b\u0142\u0105d serwera kupuj\u0105cy zostanie poinformowany o tym fakcie, a zam\u00f3wienie zostanie anulowane.<\/li><li>W przypadku braku towaru w magazynie Zamawiaj\u0105cy jest informowany o tym fakcie i zwi\u0105zanym z tym wyd\u0142u\u017ceniem czasu realizacji zam\u00f3wienia. Je\u017celi Zamawiaj\u0105cy nie wyrazi zgody na wyd\u0142u\u017cenie czasu realizacji zam\u00f3wienia mo\u017ce ca\u0142kowicie zrezygnowa\u0107 z zam\u00f3wienia b\u0105d\u017a te\u017c zrezygnowa\u0107 tylko z pozycji, kt\u00f3ra wyd\u0142u\u017ca czas realizacji zam\u00f3wienia.<\/li><li>Do ka\u017cdej przesy\u0142ki do\u0142\u0105czony jest dow\u00f3d zakupu: faktura VAT.<\/li><li>Zam\u00f3wiony towar mo\u017cna odebra\u0107 osobi\u015bcie w siedzibie firmy lub wybra\u0107 jedn\u0105 z form dostawy.<\/li><li>P\u0142atno\u015bci za zam\u00f3wienie mo\u017cna dokona\u0107 szybkim przelewem, kart\u0105 lub blikiem.<\/li><li>Zam\u00f3wienia realizowane s\u0105 na terytorium Polski.<\/li><\/ol>\n","protected":false},"excerpt":{"rendered":"<p>WARUNKI OG\u00d3LNE, WARUNKI ZAMAWIANIA I SPRZEDA\u017bY W\u0142a\u015bcicielem Sklepu Internetowego GMG, dzia\u0142aj\u0105cego pod adresem \u2026\u2026\u2026\u2026\u2026..jest firma Katarzyna S\u0142awska GMG Meble Biurowe i Metalowe, wpisany do rejestru Centralnej Ewidencji i Informacji o Dzia\u0142alno\u015bci Gospodarczej pod nr NIP: 8392465079. Klient ze Sprzedaj\u0105cym mo\u017ce kontaktowa\u0107 si\u0119 mailowo pod adresem poczty elektronicznej biuro@gmgslupsk.pl lub telefonicznie pod nr telefonu + 48 &hellip;<\/p>\n<p class=\"read-more\"> <a class=\"\" href=\"https:\/\/gmg.sklep.pl\/?page_id=2998\"> <span class=\"screen-reader-text\">Warunki Og\u00f3lne<\/span> Read More &raquo;<\/a><\/p>\n","protected":false},"author":1,"featured_media":0,"parent":0,"menu_order":0,"comment_status":"closed","ping_status":"closed","template":"","meta":{"site-sidebar-layout":"default","site-content-layout":"default","ast-global-header-display":"","ast-main-header-display":"","ast-hfb-above-header-display":"","ast-hfb-below-header-display":"","ast-hfb-mobile-header-display":"","site-post-title":"","ast-breadcrumbs-content":"","ast-featured-img":"","footer-sml-layout":"","theme-transparent-header-meta":"","adv-header-id-meta":"","stick-header-meta":"","header-above-stick-meta":"","header-main-stick-meta":"","header-below-stick-meta":"","footnotes":""},"class_list":["post-2998","page","type-page","status-publish","hentry"],"yoast_head":"<!-- This site is optimized with the Yoast SEO plugin v25.9 - https:\/\/yoast.com\/wordpress\/plugins\/seo\/ -->\n<title>Warunki Og\u00f3lne -<\/title>\n<meta name=\"robots\" content=\"index, follow, max-snippet:-1, max-image-preview:large, max-video-preview:-1\" \/>\n<link rel=\"canonical\" href=\"https:\/\/gmg.sklep.pl\/?page_id=2998\" \/>\n<meta property=\"og:locale\" content=\"pl_PL\" \/>\n<meta property=\"og:type\" content=\"article\" \/>\n<meta property=\"og:title\" content=\"Warunki Og\u00f3lne -\" \/>\n<meta property=\"og:description\" content=\"WARUNKI OG\u00d3LNE, WARUNKI ZAMAWIANIA I SPRZEDA\u017bY W\u0142a\u015bcicielem Sklepu Internetowego GMG, dzia\u0142aj\u0105cego pod adresem \u2026\u2026\u2026\u2026\u2026..jest firma Katarzyna S\u0142awska GMG Meble Biurowe i Metalowe, wpisany do rejestru Centralnej Ewidencji i Informacji o Dzia\u0142alno\u015bci Gospodarczej pod nr NIP: 8392465079. Klient ze Sprzedaj\u0105cym mo\u017ce kontaktowa\u0107 si\u0119 mailowo pod adresem poczty elektronicznej biuro@gmgslupsk.pl lub telefonicznie pod nr telefonu + 48 &hellip; Warunki Og\u00f3lne Read More &raquo;\" \/>\n<meta property=\"og:url\" content=\"https:\/\/gmg.sklep.pl\/?page_id=2998\" \/>\n<meta name=\"twitter:card\" content=\"summary_large_image\" \/>\n<meta name=\"twitter:label1\" content=\"Szacowany czas czytania\" \/>\n\t<meta name=\"twitter:data1\" content=\"1 minuta\" \/>\n<script type=\"application\/ld+json\" class=\"yoast-schema-graph\">{\"@context\":\"https:\/\/schema.org\",\"@graph\":[{\"@type\":\"WebPage\",\"@id\":\"https:\/\/gmg.sklep.pl\/?page_id=2998\",\"url\":\"https:\/\/gmg.sklep.pl\/?page_id=2998\",\"name\":\"Warunki Og\u00f3lne -\",\"isPartOf\":{\"@id\":\"https:\/\/gmg.sklep.pl\/#website\"},\"datePublished\":\"2022-04-08T13:57:59+00:00\",\"breadcrumb\":{\"@id\":\"https:\/\/gmg.sklep.pl\/?page_id=2998#breadcrumb\"},\"inLanguage\":\"pl-PL\",\"potentialAction\":[{\"@type\":\"ReadAction\",\"target\":[\"https:\/\/gmg.sklep.pl\/?page_id=2998\"]}]},{\"@type\":\"BreadcrumbList\",\"@id\":\"https:\/\/gmg.sklep.pl\/?page_id=2998#breadcrumb\",\"itemListElement\":[{\"@type\":\"ListItem\",\"position\":1,\"name\":\"Strona g\u0142\u00f3wna\",\"item\":\"https:\/\/gmg.sklep.pl\/\"},{\"@type\":\"ListItem\",\"position\":2,\"name\":\"Warunki Og\u00f3lne\"}]},{\"@type\":\"WebSite\",\"@id\":\"https:\/\/gmg.sklep.pl\/#website\",\"url\":\"https:\/\/gmg.sklep.pl\/\",\"name\":\"\",\"description\":\"Fotele, krzes\u0142a i inne\",\"potentialAction\":[{\"@type\":\"SearchAction\",\"target\":{\"@type\":\"EntryPoint\",\"urlTemplate\":\"https:\/\/gmg.sklep.pl\/?s={search_term_string}\"},\"query-input\":{\"@type\":\"PropertyValueSpecification\",\"valueRequired\":true,\"valueName\":\"search_term_string\"}}],\"inLanguage\":\"pl-PL\"}]}<\/script>\n<!-- \/ Yoast SEO plugin. -->","yoast_head_json":{"title":"Warunki Og\u00f3lne -","robots":{"index":"index","follow":"follow","max-snippet":"max-snippet:-1","max-image-preview":"max-image-preview:large","max-video-preview":"max-video-preview:-1"},"canonical":"https:\/\/gmg.sklep.pl\/?page_id=2998","og_locale":"pl_PL","og_type":"article","og_title":"Warunki Og\u00f3lne -","og_description":"WARUNKI OG\u00d3LNE, WARUNKI ZAMAWIANIA I SPRZEDA\u017bY W\u0142a\u015bcicielem Sklepu Internetowego GMG, dzia\u0142aj\u0105cego pod adresem \u2026\u2026\u2026\u2026\u2026..jest firma Katarzyna S\u0142awska GMG Meble Biurowe i Metalowe, wpisany do rejestru Centralnej Ewidencji i Informacji o Dzia\u0142alno\u015bci Gospodarczej pod nr NIP: 8392465079. Klient ze Sprzedaj\u0105cym mo\u017ce kontaktowa\u0107 si\u0119 mailowo pod adresem poczty elektronicznej biuro@gmgslupsk.pl lub telefonicznie pod nr telefonu + 48 &hellip; Warunki Og\u00f3lne Read More &raquo;","og_url":"https:\/\/gmg.sklep.pl\/?page_id=2998","twitter_card":"summary_large_image","twitter_misc":{"Szacowany czas czytania":"1 minuta"},"schema":{"@context":"https:\/\/schema.org","@graph":[{"@type":"WebPage","@id":"https:\/\/gmg.sklep.pl\/?page_id=2998","url":"https:\/\/gmg.sklep.pl\/?page_id=2998","name":"Warunki Og\u00f3lne -","isPartOf":{"@id":"https:\/\/gmg.sklep.pl\/#website"},"datePublished":"2022-04-08T13:57:59+00:00","breadcrumb":{"@id":"https:\/\/gmg.sklep.pl\/?page_id=2998#breadcrumb"},"inLanguage":"pl-PL","potentialAction":[{"@type":"ReadAction","target":["https:\/\/gmg.sklep.pl\/?page_id=2998"]}]},{"@type":"BreadcrumbList","@id":"https:\/\/gmg.sklep.pl\/?page_id=2998#breadcrumb","itemListElement":[{"@type":"ListItem","position":1,"name":"Strona g\u0142\u00f3wna","item":"https:\/\/gmg.sklep.pl\/"},{"@type":"ListItem","position":2,"name":"Warunki Og\u00f3lne"}]},{"@type":"WebSite","@id":"https:\/\/gmg.sklep.pl\/#website","url":"https:\/\/gmg.sklep.pl\/","name":"","description":"Fotele, krzes\u0142a i inne","potentialAction":[{"@type":"SearchAction","target":{"@type":"EntryPoint","urlTemplate":"https:\/\/gmg.sklep.pl\/?s={search_term_string}"},"query-input":{"@type":"PropertyValueSpecification","valueRequired":true,"valueName":"search_term_string"}}],"inLanguage":"pl-PL"}]}},"_links":{"self":[{"href":"https:\/\/gmg.sklep.pl\/index.php?rest_route=\/wp\/v2\/pages\/2998","targetHints":{"allow":["GET"]}}],"collection":[{"href":"https:\/\/gmg.sklep.pl\/index.php?rest_route=\/wp\/v2\/pages"}],"about":[{"href":"https:\/\/gmg.sklep.pl\/index.php?rest_route=\/wp\/v2\/types\/page"}],"author":[{"embeddable":true,"href":"https:\/\/gmg.sklep.pl\/index.php?rest_route=\/wp\/v2\/users\/1"}],"replies":[{"embeddable":true,"href":"https:\/\/gmg.sklep.pl\/index.php?rest_route=%2Fwp%2Fv2%2Fcomments&post=2998"}],"version-history":[{"count":1,"href":"https:\/\/gmg.sklep.pl\/index.php?rest_route=\/wp\/v2\/pages\/2998\/revisions"}],"predecessor-version":[{"id":2999,"href":"https:\/\/gmg.sklep.pl\/index.php?rest_route=\/wp\/v2\/pages\/2998\/revisions\/2999"}],"wp:attachment":[{"href":"https:\/\/gmg.sklep.pl\/index.php?rest_route=%2Fwp%2Fv2%2Fmedia&parent=2998"}],"curies":[{"name":"wp","href":"https:\/\/api.w.org\/{rel}","templated":true}]}}