{"id":2992,"date":"2022-04-08T15:55:16","date_gmt":"2022-04-08T13:55:16","guid":{"rendered":"https:\/\/gmg.sklep.pl\/?page_id=2992"},"modified":"2022-04-08T15:56:42","modified_gmt":"2022-04-08T13:56:42","slug":"polityka-prywatnosci","status":"publish","type":"page","link":"https:\/\/gmg.sklep.pl\/?page_id=2992","title":{"rendered":"Polityka Prywatno\u015bci"},"content":{"rendered":"\n<p>Polityka prywatno\u015bci i ciasteczka w naszych witrynach<br>Niniejsza Polityka Prywatno\u015bci jest zgodna z przepisami wynikaj\u0105cymi z art. 13 ust. 1 i ust. 2 rozporz\u0105dzenia Parlamentu Europejskiego i Rady (UE) 2016\/679 z 27 kwietnia 2016 r. w skr\u00f3cie RODO.<br>Administratorem Pani\/Pana danych osobowych jest firma Katarzyna S\u0142awska GMG Meble Biurowe i Metalowe email: biuro@gmgslupsk.pl , tel. +48 608 626 462<br>Przetwarzanie Pani\/Pana danych osobowych b\u0119dzie si\u0119 odbywa\u0107 na podstawie art. 6 RODO. Administrator powo\u0142uje si\u0119 na prawnie uzasadniony interes, kt\u00f3rym jest zbieranie danych statystycznych, analizowanie ruchu na stronie internetowej, a tak\u017ce przetwarzanie danych udost\u0119pnionych w formularzu kontaktowym w celu udzielenia odpowiedzi i dalszego kontaktu.<br>Pani\/Pana dane osobowe b\u0119d\u0105 przechowywane przez okres od 30 dni do 5 lat do czasu wykorzystywania mo\u017cliwo\u015bci marketingowych i analizy danych potrzebnych do prowadzenia dzia\u0142alno\u015bci gospodarczej.<br>Posiada Pani\/Pan prawo dost\u0119pu do tre\u015bci swoich danych osobowych, prawo do ich sprostowania, usuni\u0119cia, jak i r\u00f3wnie\u017c prawo do ograniczenia ich przetwarzania\/ prawo do cofni\u0119cia zgody, prawo do przenoszenia danych, prawo do wniesienia sprzeciwu wobec przetwarzania Pani\/Pana danych osobowych. Przys\u0142uguje Pani\/Panu prawo wniesienia skargi do organu nadzorczego, je\u015bli Pani\/Pana zdaniem, przetwarzanie danych osobowych Pani\/Pana \u2013 narusza przepisy unijnego rozporz\u0105dzenia RODO.<br>Szanujemy prywatno\u015b\u0107 naszych u\u017cytkownik\u00f3w i chcemy, aby korzystaj\u0105c z naszych witryn czuli si\u0119 bezpiecznie. Poni\u017cej przedstawiamy fragment naszej Polityki prywatno\u015bci odnosz\u0105cy si\u0119 do tzw. plik\u00f3w Cookies.<\/p>\n\n\n\n<ol class=\"wp-block-list\"><li>Kiedy wchodzisz na strony naszych witryn, na dysku Twojego komputera mog\u0105 by\u0107 zapisywane tzw. ciasteczka (ang. cookies), czyli niewielkie pliki tekstowe wysy\u0142ane przez nasz serwer albo serwer Google.<\/li><li>Z naszego serwera wysy\u0142amy pliki ciasteczek wyj\u0105tkowo. S\u0142u\u017c\u0105 one zapami\u0119taniu preferowanego wygl\u0105du stron, ustawionego przez u\u017cytkownik\u00f3w, np. rozmiaru czcionki, odnotowaniu faktu g\u0142osowania w prowadzonych ankietach albo wykonaniu przez u\u017cytkownika kilkuetapowych czynno\u015bci (np. dodania artyku\u0142u, dokonania zakupu w naszym sklepie internetowym). Korzystamy r\u00f3wnie\u017c z ciasteczek s\u0142u\u017c\u0105cych dopasowaniu wy\u015bwietlanych reklam do zainteresowa\u0144 odwiedzaj\u0105cych witryny.<\/li><li>Zapisywanych na Twoim komputerze informacji wysy\u0142anych z naszego serwera nigdzie nie gromadzimy i w \u017caden spos\u00f3b nie przetwarzamy.<\/li><li>Opr\u00f3cz ciasteczek wysy\u0142anych z naszego serwera za po\u015brednictwem naszych witryn wysy\u0142ane s\u0105 cookies firmy Google, kt\u00f3re s\u0142u\u017c\u0105 dopasowaniu reklam wy\u015bwietlanych w modu\u0142ach Google do Twoich zainteresowa\u0144.<\/li><li>W ka\u017cdym momencie mo\u017cesz wy\u0142\u0105czy\u0107 mo\u017cliwo\u015b\u0107 zapisywania wszystkich lub niekt\u00f3rych ciasteczek poprzez zmian\u0119 ustawie\u0144 w swojej przegl\u0105darce internetowej.<\/li><li>Je\u017celi zdecydujesz si\u0119 na odrzucenie wszystkich ciasteczek, nie b\u0119dzie mo\u017cliwe korzystanie z niekt\u00f3rych tre\u015bci i us\u0142ug udost\u0119pnianych w naszych witrynach, w szczeg\u00f3lno\u015bci wymagaj\u0105cych logowania. Wy\u0142\u0105czenie ciasteczek nie powoduje natomiast braku mo\u017cliwo\u015bci przegl\u0105dania stron w naszych witrynach.<br>Je\u015bli korzystasz z urz\u0105dzenia przeno\u015bnego (telefon, smartfon, tablet), zapoznaj si\u0119 z opcjami dotycz\u0105cymi ochrony prywatno\u015bci w dokumentacji na stronie internetowej producenta Twojego urz\u0105dzenia.<\/li><\/ol>\n","protected":false},"excerpt":{"rendered":"<p>Polityka prywatno\u015bci i ciasteczka w naszych witrynachNiniejsza Polityka Prywatno\u015bci jest zgodna z przepisami wynikaj\u0105cymi z art. 13 ust. 1 i ust. 2 rozporz\u0105dzenia Parlamentu Europejskiego i Rady (UE) 2016\/679 z 27 kwietnia 2016 r. w skr\u00f3cie RODO.Administratorem Pani\/Pana danych osobowych jest firma Katarzyna S\u0142awska GMG Meble Biurowe i Metalowe email: biuro@gmgslupsk.pl , tel. +48 608 &hellip;<\/p>\n<p class=\"read-more\"> <a class=\"\" href=\"https:\/\/gmg.sklep.pl\/?page_id=2992\"> <span class=\"screen-reader-text\">Polityka Prywatno\u015bci<\/span> Read More &raquo;<\/a><\/p>\n","protected":false},"author":1,"featured_media":0,"parent":0,"menu_order":0,"comment_status":"closed","ping_status":"closed","template":"","meta":{"site-sidebar-layout":"default","site-content-layout":"default","ast-global-header-display":"","ast-main-header-display":"","ast-hfb-above-header-display":"","ast-hfb-below-header-display":"","ast-hfb-mobile-header-display":"","site-post-title":"","ast-breadcrumbs-content":"","ast-featured-img":"","footer-sml-layout":"","theme-transparent-header-meta":"","adv-header-id-meta":"","stick-header-meta":"","header-above-stick-meta":"","header-main-stick-meta":"","header-below-stick-meta":"","footnotes":""},"class_list":["post-2992","page","type-page","status-publish","hentry"],"yoast_head":"<!-- This site is optimized with the Yoast SEO plugin v25.9 - https:\/\/yoast.com\/wordpress\/plugins\/seo\/ -->\n<title>Polityka Prywatno\u015bci -<\/title>\n<meta name=\"robots\" content=\"index, follow, max-snippet:-1, max-image-preview:large, max-video-preview:-1\" \/>\n<link rel=\"canonical\" href=\"https:\/\/gmg.sklep.pl\/?page_id=2992\" \/>\n<meta property=\"og:locale\" content=\"pl_PL\" \/>\n<meta property=\"og:type\" content=\"article\" \/>\n<meta property=\"og:title\" content=\"Polityka Prywatno\u015bci -\" \/>\n<meta property=\"og:description\" content=\"Polityka prywatno\u015bci i ciasteczka w naszych witrynachNiniejsza Polityka Prywatno\u015bci jest zgodna z przepisami wynikaj\u0105cymi z art. 13 ust. 1 i ust. 2 rozporz\u0105dzenia Parlamentu Europejskiego i Rady (UE) 2016\/679 z 27 kwietnia 2016 r. w skr\u00f3cie RODO.Administratorem Pani\/Pana danych osobowych jest firma Katarzyna S\u0142awska GMG Meble Biurowe i Metalowe email: biuro@gmgslupsk.pl , tel. +48 608 &hellip; Polityka Prywatno\u015bci Read More &raquo;\" \/>\n<meta property=\"og:url\" content=\"https:\/\/gmg.sklep.pl\/?page_id=2992\" \/>\n<meta property=\"article:modified_time\" content=\"2022-04-08T13:56:42+00:00\" \/>\n<meta name=\"twitter:card\" content=\"summary_large_image\" \/>\n<meta name=\"twitter:label1\" content=\"Szacowany czas czytania\" \/>\n\t<meta name=\"twitter:data1\" content=\"2 minuty\" \/>\n<script type=\"application\/ld+json\" class=\"yoast-schema-graph\">{\"@context\":\"https:\/\/schema.org\",\"@graph\":[{\"@type\":\"WebPage\",\"@id\":\"https:\/\/gmg.sklep.pl\/?page_id=2992\",\"url\":\"https:\/\/gmg.sklep.pl\/?page_id=2992\",\"name\":\"Polityka Prywatno\u015bci -\",\"isPartOf\":{\"@id\":\"https:\/\/gmg.sklep.pl\/#website\"},\"datePublished\":\"2022-04-08T13:55:16+00:00\",\"dateModified\":\"2022-04-08T13:56:42+00:00\",\"breadcrumb\":{\"@id\":\"https:\/\/gmg.sklep.pl\/?page_id=2992#breadcrumb\"},\"inLanguage\":\"pl-PL\",\"potentialAction\":[{\"@type\":\"ReadAction\",\"target\":[\"https:\/\/gmg.sklep.pl\/?page_id=2992\"]}]},{\"@type\":\"BreadcrumbList\",\"@id\":\"https:\/\/gmg.sklep.pl\/?page_id=2992#breadcrumb\",\"itemListElement\":[{\"@type\":\"ListItem\",\"position\":1,\"name\":\"Strona g\u0142\u00f3wna\",\"item\":\"https:\/\/gmg.sklep.pl\/\"},{\"@type\":\"ListItem\",\"position\":2,\"name\":\"Polityka Prywatno\u015bci\"}]},{\"@type\":\"WebSite\",\"@id\":\"https:\/\/gmg.sklep.pl\/#website\",\"url\":\"https:\/\/gmg.sklep.pl\/\",\"name\":\"\",\"description\":\"Fotele, krzes\u0142a i inne\",\"potentialAction\":[{\"@type\":\"SearchAction\",\"target\":{\"@type\":\"EntryPoint\",\"urlTemplate\":\"https:\/\/gmg.sklep.pl\/?s={search_term_string}\"},\"query-input\":{\"@type\":\"PropertyValueSpecification\",\"valueRequired\":true,\"valueName\":\"search_term_string\"}}],\"inLanguage\":\"pl-PL\"}]}<\/script>\n<!-- \/ Yoast SEO plugin. -->","yoast_head_json":{"title":"Polityka Prywatno\u015bci -","robots":{"index":"index","follow":"follow","max-snippet":"max-snippet:-1","max-image-preview":"max-image-preview:large","max-video-preview":"max-video-preview:-1"},"canonical":"https:\/\/gmg.sklep.pl\/?page_id=2992","og_locale":"pl_PL","og_type":"article","og_title":"Polityka Prywatno\u015bci -","og_description":"Polityka prywatno\u015bci i ciasteczka w naszych witrynachNiniejsza Polityka Prywatno\u015bci jest zgodna z przepisami wynikaj\u0105cymi z art. 13 ust. 1 i ust. 2 rozporz\u0105dzenia Parlamentu Europejskiego i Rady (UE) 2016\/679 z 27 kwietnia 2016 r. w skr\u00f3cie RODO.Administratorem Pani\/Pana danych osobowych jest firma Katarzyna S\u0142awska GMG Meble Biurowe i Metalowe email: biuro@gmgslupsk.pl , tel. +48 608 &hellip; Polityka Prywatno\u015bci Read More &raquo;","og_url":"https:\/\/gmg.sklep.pl\/?page_id=2992","article_modified_time":"2022-04-08T13:56:42+00:00","twitter_card":"summary_large_image","twitter_misc":{"Szacowany czas czytania":"2 minuty"},"schema":{"@context":"https:\/\/schema.org","@graph":[{"@type":"WebPage","@id":"https:\/\/gmg.sklep.pl\/?page_id=2992","url":"https:\/\/gmg.sklep.pl\/?page_id=2992","name":"Polityka Prywatno\u015bci -","isPartOf":{"@id":"https:\/\/gmg.sklep.pl\/#website"},"datePublished":"2022-04-08T13:55:16+00:00","dateModified":"2022-04-08T13:56:42+00:00","breadcrumb":{"@id":"https:\/\/gmg.sklep.pl\/?page_id=2992#breadcrumb"},"inLanguage":"pl-PL","potentialAction":[{"@type":"ReadAction","target":["https:\/\/gmg.sklep.pl\/?page_id=2992"]}]},{"@type":"BreadcrumbList","@id":"https:\/\/gmg.sklep.pl\/?page_id=2992#breadcrumb","itemListElement":[{"@type":"ListItem","position":1,"name":"Strona g\u0142\u00f3wna","item":"https:\/\/gmg.sklep.pl\/"},{"@type":"ListItem","position":2,"name":"Polityka Prywatno\u015bci"}]},{"@type":"WebSite","@id":"https:\/\/gmg.sklep.pl\/#website","url":"https:\/\/gmg.sklep.pl\/","name":"","description":"Fotele, krzes\u0142a i inne","potentialAction":[{"@type":"SearchAction","target":{"@type":"EntryPoint","urlTemplate":"https:\/\/gmg.sklep.pl\/?s={search_term_string}"},"query-input":{"@type":"PropertyValueSpecification","valueRequired":true,"valueName":"search_term_string"}}],"inLanguage":"pl-PL"}]}},"_links":{"self":[{"href":"https:\/\/gmg.sklep.pl\/index.php?rest_route=\/wp\/v2\/pages\/2992","targetHints":{"allow":["GET"]}}],"collection":[{"href":"https:\/\/gmg.sklep.pl\/index.php?rest_route=\/wp\/v2\/pages"}],"about":[{"href":"https:\/\/gmg.sklep.pl\/index.php?rest_route=\/wp\/v2\/types\/page"}],"author":[{"embeddable":true,"href":"https:\/\/gmg.sklep.pl\/index.php?rest_route=\/wp\/v2\/users\/1"}],"replies":[{"embeddable":true,"href":"https:\/\/gmg.sklep.pl\/index.php?rest_route=%2Fwp%2Fv2%2Fcomments&post=2992"}],"version-history":[{"count":2,"href":"https:\/\/gmg.sklep.pl\/index.php?rest_route=\/wp\/v2\/pages\/2992\/revisions"}],"predecessor-version":[{"id":2997,"href":"https:\/\/gmg.sklep.pl\/index.php?rest_route=\/wp\/v2\/pages\/2992\/revisions\/2997"}],"wp:attachment":[{"href":"https:\/\/gmg.sklep.pl\/index.php?rest_route=%2Fwp%2Fv2%2Fmedia&parent=2992"}],"curies":[{"name":"wp","href":"https:\/\/api.w.org\/{rel}","templated":true}]}}